{"id":1866,"date":"2023-04-13T09:42:12","date_gmt":"2023-04-13T09:42:12","guid":{"rendered":"https:\/\/21lectures.com\/kontakt\/"},"modified":"2024-07-15T09:25:42","modified_gmt":"2024-07-15T09:25:42","slug":"kontakt","status":"publish","type":"page","link":"https:\/\/21lectures.com\/de\/kontakt\/","title":{"rendered":"Kontakt"},"content":{"rendered":"\t\t<div data-elementor-type=\"wp-page\" data-elementor-id=\"1866\" class=\"elementor elementor-1866 elementor-88\" data-elementor-post-type=\"page\">\n\t\t\t\t<div class=\"elementor-element elementor-element-fae9c89 e-flex e-con-boxed e-con e-parent\" data-id=\"fae9c89\" data-element_type=\"container\">\n\t\t\t\t\t<div class=\"e-con-inner\">\n\t\t\t\t<div class=\"elementor-element elementor-element-f48909d elementor-widget elementor-widget-heading\" data-id=\"f48909d\" data-element_type=\"widget\" data-widget_type=\"heading.default\">\n\t\t\t\t<div class=\"elementor-widget-container\">\n\t\t\t\t\t<h1 class=\"elementor-heading-title elementor-size-default\">Kontakt<\/h1>\t\t\t\t<\/div>\n\t\t\t\t<\/div>\n\t\t\t\t<div class=\"elementor-element elementor-element-d8a8bc2 elementor-widget elementor-widget-text-editor\" data-id=\"d8a8bc2\" data-element_type=\"widget\" data-widget_type=\"text-editor.default\">\n\t\t\t\t<div class=\"elementor-widget-container\">\n\t\t\t\t\t\t\t\t\t<p>Suchst du nach einem anderen Kurs\/Thema, hast du Fragen zu unseren Kursen oder brauchst du einfach jemanden, der \u00fcber Bitcoin und die M\u00f6glichkeiten spricht. Wir sind f\u00fcr dich da, schick uns eine Nachricht<\/p>\n\t\t\t\t\t\t\t\t<\/div>\n\t\t\t\t<\/div>\n\t\t\t\t<div class=\"elementor-element elementor-element-e5527c4 elementor-widget elementor-widget-hubspot-form\" data-id=\"e5527c4\" data-element_type=\"widget\" data-widget_type=\"hubspot-form.default\">\n\t\t\t\t<div class=\"elementor-widget-container\">\n\t\t\t\t\t\n\t\t\t\t\t\t<script>\n\t\t\t\t\t\t\twindow.hsFormsOnReady = window.hsFormsOnReady || [];\n\t\t\t\t\t\t\twindow.hsFormsOnReady.push(()=>{\n\t\t\t\t\t\t\t\thbspt.forms.create({\n\t\t\t\t\t\t\t\t\tportalId: 27102220,\n\t\t\t\t\t\t\t\t\tformId: \"dde3b574-dd79-48d4-b7a0-21477505fc19\",\n\t\t\t\t\t\t\t\t\ttarget: \"#hbspt-form-1776569360000-6844600805\",\n\t\t\t\t\t\t\t\t\tregion: \"eu1\",\n\t\t\t\t\t\t\t\t\t\n\t\t\t\t\t\t\t})});\n\t\t\t\t\t\t<\/script>\n\t\t\t\t\t\t<div class=\"hbspt-form\" id=\"hbspt-form-1776569360000-6844600805\"><\/div>\t\t\t\t<\/div>\n\t\t\t\t<\/div>\n\t\t\t\t\t<\/div>\n\t\t\t\t<\/div>\n\t\t<div class=\"elementor-element elementor-element-81e2768 e-flex e-con-boxed e-con e-parent\" data-id=\"81e2768\" data-element_type=\"container\">\n\t\t\t\t\t<div class=\"e-con-inner\">\n\t\t\t\t\t<\/div>\n\t\t\t\t<\/div>\n\t\t\t\t<\/div>\n\t\t","protected":false},"excerpt":{"rendered":"<p>Kontakt 21 Lectures<\/p>\n","protected":false},"author":2,"featured_media":0,"parent":0,"menu_order":0,"comment_status":"closed","ping_status":"closed","template":"elementor_header_footer","meta":{"_acf_changed":false,"content-type":"","footnotes":""},"class_list":["post-1866","page","type-page","status-publish","hentry"],"acf":[],"yoast_head":"<!-- This site is optimized with the Yoast SEO plugin v25.3.1 - https:\/\/yoast.com\/wordpress\/plugins\/seo\/ -->\n<title>Kontakt - 21 Lectures<\/title>\n<meta name=\"description\" content=\"Hast du Fragen oder brauchst du einen Tipp wie du dein Lernen zu Bitcoin starten kannst? Kontaktiere 21 Lectures f\u00fcr fachkundige Beratung und Kursinformationen.\" \/>\n<meta name=\"robots\" content=\"index, follow, max-snippet:-1, max-image-preview:large, max-video-preview:-1\" \/>\n<link rel=\"canonical\" href=\"https:\/\/21lectures.com\/de\/kontakt\/\" \/>\n<meta property=\"og:locale\" content=\"de_DE\" \/>\n<meta property=\"og:type\" content=\"article\" \/>\n<meta property=\"og:title\" content=\"Kontakt - 21 Lectures\" \/>\n<meta property=\"og:description\" content=\"Hast du Fragen oder brauchst du einen Tipp wie du dein Lernen zu Bitcoin starten kannst? Kontaktiere 21 Lectures f\u00fcr fachkundige Beratung und Kursinformationen.\" \/>\n<meta property=\"og:url\" content=\"https:\/\/21lectures.com\/de\/kontakt\/\" \/>\n<meta property=\"og:site_name\" content=\"21 Lectures\" \/>\n<meta property=\"article:modified_time\" content=\"2024-07-15T09:25:42+00:00\" \/>\n<meta name=\"twitter:card\" content=\"summary_large_image\" \/>\n<meta name=\"twitter:site\" content=\"@21lectures\" \/>\n<meta name=\"twitter:label1\" content=\"Gesch\u00e4tzte Lesezeit\" \/>\n\t<meta name=\"twitter:data1\" content=\"1\u00a0Minute\" \/>\n<script type=\"application\/ld+json\" class=\"yoast-schema-graph\">{\"@context\":\"https:\/\/schema.org\",\"@graph\":[{\"@type\":\"WebPage\",\"@id\":\"https:\/\/21lectures.com\/de\/kontakt\/\",\"url\":\"https:\/\/21lectures.com\/de\/kontakt\/\",\"name\":\"Kontakt - 21 Lectures\",\"isPartOf\":{\"@id\":\"https:\/\/21lectures.com\/de\/#website\"},\"datePublished\":\"2023-04-13T09:42:12+00:00\",\"dateModified\":\"2024-07-15T09:25:42+00:00\",\"description\":\"Hast du Fragen oder brauchst du einen Tipp wie du dein Lernen zu Bitcoin starten kannst? Kontaktiere 21 Lectures f\u00fcr fachkundige Beratung und Kursinformationen.\",\"breadcrumb\":{\"@id\":\"https:\/\/21lectures.com\/de\/kontakt\/#breadcrumb\"},\"inLanguage\":\"de\",\"potentialAction\":[{\"@type\":\"ReadAction\",\"target\":[\"https:\/\/21lectures.com\/de\/kontakt\/\"]}]},{\"@type\":\"BreadcrumbList\",\"@id\":\"https:\/\/21lectures.com\/de\/kontakt\/#breadcrumb\",\"itemListElement\":[{\"@type\":\"ListItem\",\"position\":1,\"name\":\"Home\",\"item\":\"https:\/\/21lectures.com\/de\/21-lectures-home\/\"},{\"@type\":\"ListItem\",\"position\":2,\"name\":\"Kontakt\"}]},{\"@type\":\"WebSite\",\"@id\":\"https:\/\/21lectures.com\/de\/#website\",\"url\":\"https:\/\/21lectures.com\/de\/\",\"name\":\"21 Lectures\",\"description\":\"#1 in Bitcoin Education\",\"publisher\":{\"@id\":\"https:\/\/21lectures.com\/de\/#organization\"},\"potentialAction\":[{\"@type\":\"SearchAction\",\"target\":{\"@type\":\"EntryPoint\",\"urlTemplate\":\"https:\/\/21lectures.com\/de\/?s={search_term_string}\"},\"query-input\":{\"@type\":\"PropertyValueSpecification\",\"valueRequired\":true,\"valueName\":\"search_term_string\"}}],\"inLanguage\":\"de\"},{\"@type\":\"Organization\",\"@id\":\"https:\/\/21lectures.com\/de\/#organization\",\"name\":\"21 Lectures\",\"url\":\"https:\/\/21lectures.com\/de\/\",\"logo\":{\"@type\":\"ImageObject\",\"inLanguage\":\"de\",\"@id\":\"https:\/\/21lectures.com\/de\/#\/schema\/logo\/image\/\",\"url\":\"https:\/\/21lectures.com\/wp-content\/uploads\/2023\/04\/21-Lectures-Logo-yellow_black.svg\",\"contentUrl\":\"https:\/\/21lectures.com\/wp-content\/uploads\/2023\/04\/21-Lectures-Logo-yellow_black.svg\",\"width\":2000,\"height\":558,\"caption\":\"21 Lectures\"},\"image\":{\"@id\":\"https:\/\/21lectures.com\/de\/#\/schema\/logo\/image\/\"},\"sameAs\":[\"https:\/\/x.com\/21lectures\",\"https:\/\/ch.linkedin.com\/company\/21-lectures\"]}]}<\/script>\n<!-- \/ Yoast SEO plugin. -->","yoast_head_json":{"title":"Kontakt - 21 Lectures","description":"Hast du Fragen oder brauchst du einen Tipp wie du dein Lernen zu Bitcoin starten kannst? Kontaktiere 21 Lectures f\u00fcr fachkundige Beratung und Kursinformationen.","robots":{"index":"index","follow":"follow","max-snippet":"max-snippet:-1","max-image-preview":"max-image-preview:large","max-video-preview":"max-video-preview:-1"},"canonical":"https:\/\/21lectures.com\/de\/kontakt\/","og_locale":"de_DE","og_type":"article","og_title":"Kontakt - 21 Lectures","og_description":"Hast du Fragen oder brauchst du einen Tipp wie du dein Lernen zu Bitcoin starten kannst? Kontaktiere 21 Lectures f\u00fcr fachkundige Beratung und Kursinformationen.","og_url":"https:\/\/21lectures.com\/de\/kontakt\/","og_site_name":"21 Lectures","article_modified_time":"2024-07-15T09:25:42+00:00","twitter_card":"summary_large_image","twitter_site":"@21lectures","twitter_misc":{"Gesch\u00e4tzte Lesezeit":"1\u00a0Minute"},"schema":{"@context":"https:\/\/schema.org","@graph":[{"@type":"WebPage","@id":"https:\/\/21lectures.com\/de\/kontakt\/","url":"https:\/\/21lectures.com\/de\/kontakt\/","name":"Kontakt - 21 Lectures","isPartOf":{"@id":"https:\/\/21lectures.com\/de\/#website"},"datePublished":"2023-04-13T09:42:12+00:00","dateModified":"2024-07-15T09:25:42+00:00","description":"Hast du Fragen oder brauchst du einen Tipp wie du dein Lernen zu Bitcoin starten kannst? Kontaktiere 21 Lectures f\u00fcr fachkundige Beratung und Kursinformationen.","breadcrumb":{"@id":"https:\/\/21lectures.com\/de\/kontakt\/#breadcrumb"},"inLanguage":"de","potentialAction":[{"@type":"ReadAction","target":["https:\/\/21lectures.com\/de\/kontakt\/"]}]},{"@type":"BreadcrumbList","@id":"https:\/\/21lectures.com\/de\/kontakt\/#breadcrumb","itemListElement":[{"@type":"ListItem","position":1,"name":"Home","item":"https:\/\/21lectures.com\/de\/21-lectures-home\/"},{"@type":"ListItem","position":2,"name":"Kontakt"}]},{"@type":"WebSite","@id":"https:\/\/21lectures.com\/de\/#website","url":"https:\/\/21lectures.com\/de\/","name":"21 Lectures","description":"#1 in Bitcoin Education","publisher":{"@id":"https:\/\/21lectures.com\/de\/#organization"},"potentialAction":[{"@type":"SearchAction","target":{"@type":"EntryPoint","urlTemplate":"https:\/\/21lectures.com\/de\/?s={search_term_string}"},"query-input":{"@type":"PropertyValueSpecification","valueRequired":true,"valueName":"search_term_string"}}],"inLanguage":"de"},{"@type":"Organization","@id":"https:\/\/21lectures.com\/de\/#organization","name":"21 Lectures","url":"https:\/\/21lectures.com\/de\/","logo":{"@type":"ImageObject","inLanguage":"de","@id":"https:\/\/21lectures.com\/de\/#\/schema\/logo\/image\/","url":"https:\/\/21lectures.com\/wp-content\/uploads\/2023\/04\/21-Lectures-Logo-yellow_black.svg","contentUrl":"https:\/\/21lectures.com\/wp-content\/uploads\/2023\/04\/21-Lectures-Logo-yellow_black.svg","width":2000,"height":558,"caption":"21 Lectures"},"image":{"@id":"https:\/\/21lectures.com\/de\/#\/schema\/logo\/image\/"},"sameAs":["https:\/\/x.com\/21lectures","https:\/\/ch.linkedin.com\/company\/21-lectures"]}]}},"_links":{"self":[{"href":"https:\/\/21lectures.com\/de\/wp-json\/wp\/v2\/pages\/1866","targetHints":{"allow":["GET"]}}],"collection":[{"href":"https:\/\/21lectures.com\/de\/wp-json\/wp\/v2\/pages"}],"about":[{"href":"https:\/\/21lectures.com\/de\/wp-json\/wp\/v2\/types\/page"}],"author":[{"embeddable":true,"href":"https:\/\/21lectures.com\/de\/wp-json\/wp\/v2\/users\/2"}],"replies":[{"embeddable":true,"href":"https:\/\/21lectures.com\/de\/wp-json\/wp\/v2\/comments?post=1866"}],"version-history":[{"count":5,"href":"https:\/\/21lectures.com\/de\/wp-json\/wp\/v2\/pages\/1866\/revisions"}],"predecessor-version":[{"id":2276,"href":"https:\/\/21lectures.com\/de\/wp-json\/wp\/v2\/pages\/1866\/revisions\/2276"}],"wp:attachment":[{"href":"https:\/\/21lectures.com\/de\/wp-json\/wp\/v2\/media?parent=1866"}],"curies":[{"name":"wp","href":"https:\/\/api.w.org\/{rel}","templated":true}]}}