{"id":1874,"date":"2023-07-27T12:40:10","date_gmt":"2023-07-27T12:40:10","guid":{"rendered":"https:\/\/21lectures.com\/faq-2\/"},"modified":"2023-07-27T12:40:10","modified_gmt":"2023-07-27T12:40:10","slug":"faq-2","status":"publish","type":"page","link":"https:\/\/21lectures.com\/de\/faq-2\/","title":{"rendered":"FAQ"},"content":{"rendered":"<h1>FAQ &#8211; H\u00e4ufig gestellte Fragen<\/h1>\n<p>\t\t\t\t\t\t\t\t\t\t\t\t<a tabindex=\"0\">F\u00fcr welche Zielgruppen sind die Kurse gedacht?<\/a><\/p>\n<p>Der Basics und Pro sind f\u00fcr all bitcoin interressierte geeignet. Der Essential und der Mastercalss sind in erster Linie f\u00fcr Leute mit einem technischen Hintergrund und f\u00fcr diejenigen, die in die technischen Bitcoin-Themen einsteigen wollen. Im Prinzip ist aber jede Person zugelassen, die sich f\u00fcr das Thema interessiert.<\/p>\n<p>\t\t\t\t\t\t\t\t\t\t\t\t<a tabindex=\"0\">Welche Vorkenntnisse brauche ich?<\/a><\/p>\n<p>Basics, Pro, Essentials Kurse: Keine Voraussetzungen, nur ein Interesse an den technischen Aspekten von Bitcoin.<\/p>\n<p>Masterclass: Grundlegendes Verst\u00e4ndnis von Bitcoin erforderlich (im Grunde der Inhalt des Essentials Kurs) und du solltest mit der Kommandozeile vertraut sein, da wir uns mit technischen Dingen besch\u00e4ftigen werden<\/p>\n<p>\t\t\t\t\t\t\t\t\t\t\t\t<a tabindex=\"0\">Wie viel kosten die Kurse?<\/a><\/p>\n<p> Wir sind froh, dass wir Partner im Hintergrund haben, die uns helfen, einige Kosten zu decken. Deshalb k\u00f6nnen wir Einzelpersonen und Start-ups einen Rabatt gew\u00e4hren. <\/p>\n<p>Preise:<\/p>\n<p>Wesentlich: 935 CHF f\u00fcr Einzelpersonen\/Startups und 2&#8217;435 CHF f\u00fcr Unternehmen<\/p>\n<p>Masterclass: 2&#8217;335 CHF f\u00fcr Einzelpersonen\/Startups &amp; 4&#8217;935 CHF f\u00fcr Unternehmen<\/p>\n<p>\t\t\t\t\t\t\t\t\t\t\t\t<a tabindex=\"0\">Fallen weitere Kosten an?<\/a><\/p>\n<p>In den Kursgeb\u00fchren sind Lernmaterialien, Getr\u00e4nke und auch das Mittagessen enthalten. Reisekosten, Abendessen und eventuelle \u00dcbernachtungen sind nicht im Preis enthalten. Wenn du Unterst\u00fctzung brauchst, kontaktiere uns und wir organisieren sie gerne f\u00fcr dich!<\/p>\n<p>\t\t\t\t\t\t\t\t\t\t\t\t<a tabindex=\"0\">In welchen Sprachen wird der Kurs abgehalten?<\/a><\/p>\n<p>Der Basic und der Pro Kurs werden auf Deustch gehalten. Der Essentials und die Masterclass werden aufgrund des technisches Fokus auf Englisch gehalten. <\/p>\n<p>\t\t\t\t\t\t\t\t\t\t\t\t<a tabindex=\"0\">Wo findet die Ausbildung statt?<\/a><\/p>\n<p>Entweder Online oder wenn vor Ort, dann in der Umgebung Z\u00fcrich. Schaue dir den jeweiligen Kurs an. Alle Standorte sind in der Liste aufgef\u00fchrt, weitere Standorte k\u00f6nnen bei Bedarf besprochen werden. <\/p>\n<p>\t\t\t\t\t\t\t\t\t\t\t\t<a tabindex=\"0\">Wie hoch sind die Unterrichtsstunden?<\/a><\/p>\n<p>Normale Arbeitszeiten. Ungef\u00e4hr:<\/p>\n<p>Beginn: 09:00<\/p>\n<p>Mittagessen: 12:00<\/p>\n<p>Start am Nachmittag: 13:15<\/p>\n<p>Ende: 16:30<\/p>\n<p>Bitte sieh dir die Kursbeschreibung f\u00fcr den Stundenplan an.<\/p>\n<p>\t\t\t\t\t\t\t\t\t\t\t\t<a tabindex=\"0\">Wo kann ich mehr Informationen bekommen?<\/a><\/p>\n<p>Wenn du weitere Fragen hast, kontaktiere uns bitte (info(at)21lectures.com). Wir werden uns innerhalb von 24 Stunden bei dir melden.<\/p>\n<h2>Melde dich f\u00fcr unseren Newsletter an:<\/h2>\n","protected":false},"excerpt":{"rendered":"<p>FAQ &#8211; H\u00e4ufig gestellte Fragen F\u00fcr welche Zielgruppen sind die Kurse gedacht? Der Basics und Pro sind f\u00fcr all bitcoin interressierte geeignet. Der Essential und der Mastercalss sind in erster Linie f\u00fcr Leute mit einem technischen Hintergrund und f\u00fcr diejenigen, die in die technischen Bitcoin-Themen einsteigen wollen. Im Prinzip ist aber jede Person zugelassen, die [&hellip;]<\/p>\n","protected":false},"author":2,"featured_media":0,"parent":0,"menu_order":0,"comment_status":"closed","ping_status":"closed","template":"elementor_header_footer","meta":{"_acf_changed":false,"content-type":"","footnotes":""},"class_list":["post-1874","page","type-page","status-publish","hentry"],"acf":[],"yoast_head":"<!-- This site is optimized with the Yoast SEO plugin v25.3.1 - https:\/\/yoast.com\/wordpress\/plugins\/seo\/ -->\n<title>FAQ - 21 Lectures Bitcoin Education<\/title>\n<meta name=\"description\" content=\"Erhalte Antworten auf deine Fragen \u00fcber Bitcoin-Ausbildung und Kurse bei 21 Lectures. Wir sind hier, um dich auf deiner Krypto-Lernreise zu unterst\u00fctzen.\" \/>\n<meta name=\"robots\" content=\"index, follow, max-snippet:-1, max-image-preview:large, max-video-preview:-1\" \/>\n<link rel=\"canonical\" href=\"https:\/\/21lectures.com\/de\/faq-2\/\" \/>\n<meta property=\"og:locale\" content=\"de_DE\" \/>\n<meta property=\"og:type\" content=\"article\" \/>\n<meta property=\"og:title\" content=\"FAQ - 21 Lectures Bitcoin Education\" \/>\n<meta property=\"og:description\" content=\"Erhalte Antworten auf deine Fragen \u00fcber Bitcoin-Ausbildung und Kurse bei 21 Lectures. Wir sind hier, um dich auf deiner Krypto-Lernreise zu unterst\u00fctzen.\" \/>\n<meta property=\"og:url\" content=\"https:\/\/21lectures.com\/de\/faq-2\/\" \/>\n<meta property=\"og:site_name\" content=\"21 Lectures\" \/>\n<meta name=\"twitter:card\" content=\"summary_large_image\" \/>\n<meta name=\"twitter:site\" content=\"@21lectures\" \/>\n<meta name=\"twitter:label1\" content=\"Gesch\u00e4tzte Lesezeit\" \/>\n\t<meta name=\"twitter:data1\" content=\"2\u00a0Minuten\" \/>\n<script type=\"application\/ld+json\" class=\"yoast-schema-graph\">{\"@context\":\"https:\/\/schema.org\",\"@graph\":[{\"@type\":\"WebPage\",\"@id\":\"https:\/\/21lectures.com\/de\/faq-2\/\",\"url\":\"https:\/\/21lectures.com\/de\/faq-2\/\",\"name\":\"FAQ - 21 Lectures Bitcoin Education\",\"isPartOf\":{\"@id\":\"https:\/\/21lectures.com\/de\/#website\"},\"datePublished\":\"2023-07-27T12:40:10+00:00\",\"description\":\"Erhalte Antworten auf deine Fragen \u00fcber Bitcoin-Ausbildung und Kurse bei 21 Lectures. Wir sind hier, um dich auf deiner Krypto-Lernreise zu unterst\u00fctzen.\",\"breadcrumb\":{\"@id\":\"https:\/\/21lectures.com\/de\/faq-2\/#breadcrumb\"},\"inLanguage\":\"de\",\"potentialAction\":[{\"@type\":\"ReadAction\",\"target\":[\"https:\/\/21lectures.com\/de\/faq-2\/\"]}]},{\"@type\":\"BreadcrumbList\",\"@id\":\"https:\/\/21lectures.com\/de\/faq-2\/#breadcrumb\",\"itemListElement\":[{\"@type\":\"ListItem\",\"position\":1,\"name\":\"Home\",\"item\":\"https:\/\/21lectures.com\/de\/21-lectures-home\/\"},{\"@type\":\"ListItem\",\"position\":2,\"name\":\"FAQ\"}]},{\"@type\":\"WebSite\",\"@id\":\"https:\/\/21lectures.com\/de\/#website\",\"url\":\"https:\/\/21lectures.com\/de\/\",\"name\":\"21 Lectures\",\"description\":\"#1 in Bitcoin Education\",\"publisher\":{\"@id\":\"https:\/\/21lectures.com\/de\/#organization\"},\"potentialAction\":[{\"@type\":\"SearchAction\",\"target\":{\"@type\":\"EntryPoint\",\"urlTemplate\":\"https:\/\/21lectures.com\/de\/?s={search_term_string}\"},\"query-input\":{\"@type\":\"PropertyValueSpecification\",\"valueRequired\":true,\"valueName\":\"search_term_string\"}}],\"inLanguage\":\"de\"},{\"@type\":\"Organization\",\"@id\":\"https:\/\/21lectures.com\/de\/#organization\",\"name\":\"21 Lectures\",\"url\":\"https:\/\/21lectures.com\/de\/\",\"logo\":{\"@type\":\"ImageObject\",\"inLanguage\":\"de\",\"@id\":\"https:\/\/21lectures.com\/de\/#\/schema\/logo\/image\/\",\"url\":\"https:\/\/21lectures.com\/wp-content\/uploads\/2023\/04\/21-Lectures-Logo-yellow_black.svg\",\"contentUrl\":\"https:\/\/21lectures.com\/wp-content\/uploads\/2023\/04\/21-Lectures-Logo-yellow_black.svg\",\"width\":2000,\"height\":558,\"caption\":\"21 Lectures\"},\"image\":{\"@id\":\"https:\/\/21lectures.com\/de\/#\/schema\/logo\/image\/\"},\"sameAs\":[\"https:\/\/x.com\/21lectures\",\"https:\/\/ch.linkedin.com\/company\/21-lectures\"]}]}<\/script>\n<!-- \/ Yoast SEO plugin. -->","yoast_head_json":{"title":"FAQ - 21 Lectures Bitcoin Education","description":"Erhalte Antworten auf deine Fragen \u00fcber Bitcoin-Ausbildung und Kurse bei 21 Lectures. Wir sind hier, um dich auf deiner Krypto-Lernreise zu unterst\u00fctzen.","robots":{"index":"index","follow":"follow","max-snippet":"max-snippet:-1","max-image-preview":"max-image-preview:large","max-video-preview":"max-video-preview:-1"},"canonical":"https:\/\/21lectures.com\/de\/faq-2\/","og_locale":"de_DE","og_type":"article","og_title":"FAQ - 21 Lectures Bitcoin Education","og_description":"Erhalte Antworten auf deine Fragen \u00fcber Bitcoin-Ausbildung und Kurse bei 21 Lectures. Wir sind hier, um dich auf deiner Krypto-Lernreise zu unterst\u00fctzen.","og_url":"https:\/\/21lectures.com\/de\/faq-2\/","og_site_name":"21 Lectures","twitter_card":"summary_large_image","twitter_site":"@21lectures","twitter_misc":{"Gesch\u00e4tzte Lesezeit":"2\u00a0Minuten"},"schema":{"@context":"https:\/\/schema.org","@graph":[{"@type":"WebPage","@id":"https:\/\/21lectures.com\/de\/faq-2\/","url":"https:\/\/21lectures.com\/de\/faq-2\/","name":"FAQ - 21 Lectures Bitcoin Education","isPartOf":{"@id":"https:\/\/21lectures.com\/de\/#website"},"datePublished":"2023-07-27T12:40:10+00:00","description":"Erhalte Antworten auf deine Fragen \u00fcber Bitcoin-Ausbildung und Kurse bei 21 Lectures. Wir sind hier, um dich auf deiner Krypto-Lernreise zu unterst\u00fctzen.","breadcrumb":{"@id":"https:\/\/21lectures.com\/de\/faq-2\/#breadcrumb"},"inLanguage":"de","potentialAction":[{"@type":"ReadAction","target":["https:\/\/21lectures.com\/de\/faq-2\/"]}]},{"@type":"BreadcrumbList","@id":"https:\/\/21lectures.com\/de\/faq-2\/#breadcrumb","itemListElement":[{"@type":"ListItem","position":1,"name":"Home","item":"https:\/\/21lectures.com\/de\/21-lectures-home\/"},{"@type":"ListItem","position":2,"name":"FAQ"}]},{"@type":"WebSite","@id":"https:\/\/21lectures.com\/de\/#website","url":"https:\/\/21lectures.com\/de\/","name":"21 Lectures","description":"#1 in Bitcoin Education","publisher":{"@id":"https:\/\/21lectures.com\/de\/#organization"},"potentialAction":[{"@type":"SearchAction","target":{"@type":"EntryPoint","urlTemplate":"https:\/\/21lectures.com\/de\/?s={search_term_string}"},"query-input":{"@type":"PropertyValueSpecification","valueRequired":true,"valueName":"search_term_string"}}],"inLanguage":"de"},{"@type":"Organization","@id":"https:\/\/21lectures.com\/de\/#organization","name":"21 Lectures","url":"https:\/\/21lectures.com\/de\/","logo":{"@type":"ImageObject","inLanguage":"de","@id":"https:\/\/21lectures.com\/de\/#\/schema\/logo\/image\/","url":"https:\/\/21lectures.com\/wp-content\/uploads\/2023\/04\/21-Lectures-Logo-yellow_black.svg","contentUrl":"https:\/\/21lectures.com\/wp-content\/uploads\/2023\/04\/21-Lectures-Logo-yellow_black.svg","width":2000,"height":558,"caption":"21 Lectures"},"image":{"@id":"https:\/\/21lectures.com\/de\/#\/schema\/logo\/image\/"},"sameAs":["https:\/\/x.com\/21lectures","https:\/\/ch.linkedin.com\/company\/21-lectures"]}]}},"_links":{"self":[{"href":"https:\/\/21lectures.com\/de\/wp-json\/wp\/v2\/pages\/1874","targetHints":{"allow":["GET"]}}],"collection":[{"href":"https:\/\/21lectures.com\/de\/wp-json\/wp\/v2\/pages"}],"about":[{"href":"https:\/\/21lectures.com\/de\/wp-json\/wp\/v2\/types\/page"}],"author":[{"embeddable":true,"href":"https:\/\/21lectures.com\/de\/wp-json\/wp\/v2\/users\/2"}],"replies":[{"embeddable":true,"href":"https:\/\/21lectures.com\/de\/wp-json\/wp\/v2\/comments?post=1874"}],"version-history":[{"count":0,"href":"https:\/\/21lectures.com\/de\/wp-json\/wp\/v2\/pages\/1874\/revisions"}],"wp:attachment":[{"href":"https:\/\/21lectures.com\/de\/wp-json\/wp\/v2\/media?parent=1874"}],"curies":[{"name":"wp","href":"https:\/\/api.w.org\/{rel}","templated":true}]}}