{"id":1881,"date":"2023-04-13T09:55:58","date_gmt":"2023-04-13T09:55:58","guid":{"rendered":"https:\/\/21lectures.com\/medien-presse\/"},"modified":"2024-05-02T09:34:22","modified_gmt":"2024-05-02T09:34:22","slug":"medien-presse","status":"publish","type":"page","link":"https:\/\/21lectures.com\/de\/medien-presse\/","title":{"rendered":"Medien &amp; Presse"},"content":{"rendered":"<p>21 Lectures steht f\u00fcr Professionalit\u00e4t in der Bitcoin-Weiterbildung.<\/p>\n<p>Wir freuen uns \u00fcber Medienanfragen. Bitte benutze unser Kontaktformular.<\/p>\n<p><a href=\"https:\/\/21lectures.com\/de\/kontakt\/\">Jetzt kontaktieren<br \/>\n<\/a><\/p>\n<h2>Pressematerial<\/h2>\n<p><a href=\"https:\/\/drive.google.com\/drive\/folders\/1FeACAgioku8O6pcuP7f-QdKRD0ZYIXip\" class=\"broken_link\">Hier herunterladen<br \/>\n<\/a><\/p>\n","protected":false},"excerpt":{"rendered":"<p>21 Lectures steht f\u00fcr Professionalit\u00e4t in der Bitcoin-Weiterbildung. Wir freuen uns \u00fcber Medienanfragen. Bitte benutze unser Kontaktformular. Jetzt kontaktieren Pressematerial Hier herunterladen<\/p>\n","protected":false},"author":2,"featured_media":0,"parent":0,"menu_order":0,"comment_status":"closed","ping_status":"closed","template":"","meta":{"_acf_changed":false,"content-type":"","footnotes":""},"class_list":["post-1881","page","type-page","status-publish","hentry"],"acf":[],"yoast_head":"<!-- This site is optimized with the Yoast SEO plugin v25.3.1 - https:\/\/yoast.com\/wordpress\/plugins\/seo\/ -->\n<title>Medien &amp; Presse - 21 Lectures Bitcoin Ausbildung<\/title>\n<meta name=\"description\" content=\"Informiere dich \u00fcber die neuesten Medienberichte und Pressemitteilungen von 21 Lectures, deiner zuverl\u00e4ssigen Quelle f\u00fcr Bitcoin-Bildungswissen.\" \/>\n<meta name=\"robots\" content=\"index, follow, max-snippet:-1, max-image-preview:large, max-video-preview:-1\" \/>\n<link rel=\"canonical\" href=\"https:\/\/21lectures.com\/de\/medien-presse\/\" \/>\n<meta property=\"og:locale\" content=\"de_DE\" \/>\n<meta property=\"og:type\" content=\"article\" \/>\n<meta property=\"og:title\" content=\"Medien &amp; Presse - 21 Lectures Bitcoin Ausbildung\" \/>\n<meta property=\"og:description\" content=\"Informiere dich \u00fcber die neuesten Medienberichte und Pressemitteilungen von 21 Lectures, deiner zuverl\u00e4ssigen Quelle f\u00fcr Bitcoin-Bildungswissen.\" \/>\n<meta property=\"og:url\" content=\"https:\/\/21lectures.com\/de\/medien-presse\/\" \/>\n<meta property=\"og:site_name\" content=\"21 Lectures\" \/>\n<meta property=\"article:modified_time\" content=\"2024-05-02T09:34:22+00:00\" \/>\n<meta name=\"twitter:card\" content=\"summary_large_image\" \/>\n<meta name=\"twitter:site\" content=\"@21lectures\" \/>\n<script type=\"application\/ld+json\" class=\"yoast-schema-graph\">{\"@context\":\"https:\/\/schema.org\",\"@graph\":[{\"@type\":\"WebPage\",\"@id\":\"https:\/\/21lectures.com\/de\/medien-presse\/\",\"url\":\"https:\/\/21lectures.com\/de\/medien-presse\/\",\"name\":\"Medien &amp; Presse - 21 Lectures Bitcoin Ausbildung\",\"isPartOf\":{\"@id\":\"https:\/\/21lectures.com\/de\/#website\"},\"datePublished\":\"2023-04-13T09:55:58+00:00\",\"dateModified\":\"2024-05-02T09:34:22+00:00\",\"description\":\"Informiere dich \u00fcber die neuesten Medienberichte und Pressemitteilungen von 21 Lectures, deiner zuverl\u00e4ssigen Quelle f\u00fcr Bitcoin-Bildungswissen.\",\"breadcrumb\":{\"@id\":\"https:\/\/21lectures.com\/de\/medien-presse\/#breadcrumb\"},\"inLanguage\":\"de\",\"potentialAction\":[{\"@type\":\"ReadAction\",\"target\":[\"https:\/\/21lectures.com\/de\/medien-presse\/\"]}]},{\"@type\":\"BreadcrumbList\",\"@id\":\"https:\/\/21lectures.com\/de\/medien-presse\/#breadcrumb\",\"itemListElement\":[{\"@type\":\"ListItem\",\"position\":1,\"name\":\"Home\",\"item\":\"https:\/\/21lectures.com\/de\/21-lectures-home\/\"},{\"@type\":\"ListItem\",\"position\":2,\"name\":\"Medien &amp; Presse\"}]},{\"@type\":\"WebSite\",\"@id\":\"https:\/\/21lectures.com\/de\/#website\",\"url\":\"https:\/\/21lectures.com\/de\/\",\"name\":\"21 Lectures\",\"description\":\"#1 in Bitcoin Education\",\"publisher\":{\"@id\":\"https:\/\/21lectures.com\/de\/#organization\"},\"potentialAction\":[{\"@type\":\"SearchAction\",\"target\":{\"@type\":\"EntryPoint\",\"urlTemplate\":\"https:\/\/21lectures.com\/de\/?s={search_term_string}\"},\"query-input\":{\"@type\":\"PropertyValueSpecification\",\"valueRequired\":true,\"valueName\":\"search_term_string\"}}],\"inLanguage\":\"de\"},{\"@type\":\"Organization\",\"@id\":\"https:\/\/21lectures.com\/de\/#organization\",\"name\":\"21 Lectures\",\"url\":\"https:\/\/21lectures.com\/de\/\",\"logo\":{\"@type\":\"ImageObject\",\"inLanguage\":\"de\",\"@id\":\"https:\/\/21lectures.com\/de\/#\/schema\/logo\/image\/\",\"url\":\"https:\/\/21lectures.com\/wp-content\/uploads\/2023\/04\/21-Lectures-Logo-yellow_black.svg\",\"contentUrl\":\"https:\/\/21lectures.com\/wp-content\/uploads\/2023\/04\/21-Lectures-Logo-yellow_black.svg\",\"width\":2000,\"height\":558,\"caption\":\"21 Lectures\"},\"image\":{\"@id\":\"https:\/\/21lectures.com\/de\/#\/schema\/logo\/image\/\"},\"sameAs\":[\"https:\/\/x.com\/21lectures\",\"https:\/\/ch.linkedin.com\/company\/21-lectures\"]}]}<\/script>\n<!-- \/ Yoast SEO plugin. -->","yoast_head_json":{"title":"Medien &amp; Presse - 21 Lectures Bitcoin Ausbildung","description":"Informiere dich \u00fcber die neuesten Medienberichte und Pressemitteilungen von 21 Lectures, deiner zuverl\u00e4ssigen Quelle f\u00fcr Bitcoin-Bildungswissen.","robots":{"index":"index","follow":"follow","max-snippet":"max-snippet:-1","max-image-preview":"max-image-preview:large","max-video-preview":"max-video-preview:-1"},"canonical":"https:\/\/21lectures.com\/de\/medien-presse\/","og_locale":"de_DE","og_type":"article","og_title":"Medien &amp; Presse - 21 Lectures Bitcoin Ausbildung","og_description":"Informiere dich \u00fcber die neuesten Medienberichte und Pressemitteilungen von 21 Lectures, deiner zuverl\u00e4ssigen Quelle f\u00fcr Bitcoin-Bildungswissen.","og_url":"https:\/\/21lectures.com\/de\/medien-presse\/","og_site_name":"21 Lectures","article_modified_time":"2024-05-02T09:34:22+00:00","twitter_card":"summary_large_image","twitter_site":"@21lectures","schema":{"@context":"https:\/\/schema.org","@graph":[{"@type":"WebPage","@id":"https:\/\/21lectures.com\/de\/medien-presse\/","url":"https:\/\/21lectures.com\/de\/medien-presse\/","name":"Medien &amp; Presse - 21 Lectures Bitcoin Ausbildung","isPartOf":{"@id":"https:\/\/21lectures.com\/de\/#website"},"datePublished":"2023-04-13T09:55:58+00:00","dateModified":"2024-05-02T09:34:22+00:00","description":"Informiere dich \u00fcber die neuesten Medienberichte und Pressemitteilungen von 21 Lectures, deiner zuverl\u00e4ssigen Quelle f\u00fcr Bitcoin-Bildungswissen.","breadcrumb":{"@id":"https:\/\/21lectures.com\/de\/medien-presse\/#breadcrumb"},"inLanguage":"de","potentialAction":[{"@type":"ReadAction","target":["https:\/\/21lectures.com\/de\/medien-presse\/"]}]},{"@type":"BreadcrumbList","@id":"https:\/\/21lectures.com\/de\/medien-presse\/#breadcrumb","itemListElement":[{"@type":"ListItem","position":1,"name":"Home","item":"https:\/\/21lectures.com\/de\/21-lectures-home\/"},{"@type":"ListItem","position":2,"name":"Medien &amp; Presse"}]},{"@type":"WebSite","@id":"https:\/\/21lectures.com\/de\/#website","url":"https:\/\/21lectures.com\/de\/","name":"21 Lectures","description":"#1 in Bitcoin Education","publisher":{"@id":"https:\/\/21lectures.com\/de\/#organization"},"potentialAction":[{"@type":"SearchAction","target":{"@type":"EntryPoint","urlTemplate":"https:\/\/21lectures.com\/de\/?s={search_term_string}"},"query-input":{"@type":"PropertyValueSpecification","valueRequired":true,"valueName":"search_term_string"}}],"inLanguage":"de"},{"@type":"Organization","@id":"https:\/\/21lectures.com\/de\/#organization","name":"21 Lectures","url":"https:\/\/21lectures.com\/de\/","logo":{"@type":"ImageObject","inLanguage":"de","@id":"https:\/\/21lectures.com\/de\/#\/schema\/logo\/image\/","url":"https:\/\/21lectures.com\/wp-content\/uploads\/2023\/04\/21-Lectures-Logo-yellow_black.svg","contentUrl":"https:\/\/21lectures.com\/wp-content\/uploads\/2023\/04\/21-Lectures-Logo-yellow_black.svg","width":2000,"height":558,"caption":"21 Lectures"},"image":{"@id":"https:\/\/21lectures.com\/de\/#\/schema\/logo\/image\/"},"sameAs":["https:\/\/x.com\/21lectures","https:\/\/ch.linkedin.com\/company\/21-lectures"]}]}},"_links":{"self":[{"href":"https:\/\/21lectures.com\/de\/wp-json\/wp\/v2\/pages\/1881","targetHints":{"allow":["GET"]}}],"collection":[{"href":"https:\/\/21lectures.com\/de\/wp-json\/wp\/v2\/pages"}],"about":[{"href":"https:\/\/21lectures.com\/de\/wp-json\/wp\/v2\/types\/page"}],"author":[{"embeddable":true,"href":"https:\/\/21lectures.com\/de\/wp-json\/wp\/v2\/users\/2"}],"replies":[{"embeddable":true,"href":"https:\/\/21lectures.com\/de\/wp-json\/wp\/v2\/comments?post=1881"}],"version-history":[{"count":1,"href":"https:\/\/21lectures.com\/de\/wp-json\/wp\/v2\/pages\/1881\/revisions"}],"predecessor-version":[{"id":2111,"href":"https:\/\/21lectures.com\/de\/wp-json\/wp\/v2\/pages\/1881\/revisions\/2111"}],"wp:attachment":[{"href":"https:\/\/21lectures.com\/de\/wp-json\/wp\/v2\/media?parent=1881"}],"curies":[{"name":"wp","href":"https:\/\/api.w.org\/{rel}","templated":true}]}}