{"id":1952,"date":"2023-04-10T19:54:25","date_gmt":"2023-04-10T19:54:25","guid":{"rendered":"https:\/\/21lectures.com\/datenschutzrichtlinie\/"},"modified":"2024-04-04T12:42:51","modified_gmt":"2024-04-04T12:42:51","slug":"datenschutzrichtlinie","status":"publish","type":"page","link":"https:\/\/21lectures.com\/de\/datenschutzrichtlinie\/","title":{"rendered":"Datenschutzrichtlinie"},"content":{"rendered":"\t\t<div data-elementor-type=\"wp-page\" data-elementor-id=\"1952\" class=\"elementor elementor-1952 elementor-3\" data-elementor-post-type=\"page\">\n\t\t\t\t\t\t<section class=\"elementor-section elementor-top-section elementor-element elementor-element-2ca04553 elementor-section-boxed elementor-section-height-default elementor-section-height-default\" data-id=\"2ca04553\" data-element_type=\"section\">\n\t\t\t\t\t\t<div class=\"elementor-container elementor-column-gap-default\">\n\t\t\t\t\t<div class=\"elementor-column elementor-col-100 elementor-top-column elementor-element elementor-element-3defe9f7\" data-id=\"3defe9f7\" data-element_type=\"column\">\n\t\t\t<div class=\"elementor-widget-wrap elementor-element-populated\">\n\t\t\t\t\t\t<div class=\"elementor-element elementor-element-518c08c1 elementor-widget elementor-widget-text-editor\" data-id=\"518c08c1\" data-element_type=\"widget\" data-widget_type=\"text-editor.default\">\n\t\t\t\t<div class=\"elementor-widget-container\">\n\t\t\t\t\t\t\t\t\t<p>Diese Datenschutzrichtlinie unterliegt dem Schweizer Recht. Soweit anwendbar, werden die gesetzlichen Bestimmungen der Europ\u00e4ischen Union (EU), insbesondere die EU-Datenschutzgrundverordnung, ber\u00fccksichtigt.<\/p>\n<p>Wenn du unsere Internetseite nutzt, werden verschiedene pers\u00f6nliche Daten erhoben. Personenbezogene Daten sind Daten, die dich pers\u00f6nlich identifizieren. Die folgende Datenschutzerkl\u00e4rung erkl\u00e4rt, welche Daten wir sammeln und wof\u00fcr wir sie verwenden. Es wird auch erkl\u00e4rt, wie das geschieht und zu welchem Zweck.<\/p>\n<h2>1. Anwendungsbereich und Datenverantwortlicher<\/h2>\n<p>Diese Richtlinie gilt f\u00fcr die Internet-Seite www.21lectures.com. Bitte beachte, dass wir auf andere Websites verweisen k\u00f6nnen, f\u00fcr die andere Datenschutzbestimmungen gelten.<\/p>\n<p>Name und Adresse des f\u00fcr die Datenverarbeitung Verantwortlichen:<\/p>\n<p>21 Vorlesungen AG<br>\nPoststra\u00dfe 22<br>\nCH-6300 Zug<\/p>\n<p>info@21lectures.com<\/p>\n<h2>2. Deine Rechte<\/h2>\n<p>Du hast die folgenden Rechte gegen\u00fcber uns in Bezug auf deine personenbezogenen Daten: Recht auf Auskunft Recht auf Berichtigung oder L\u00f6schung Recht auf Einschr\u00e4nkung der Verarbeitung Recht auf Widerspruch gegen die Verarbeitung Soweit die Datenverarbeitung auf unserer Internetseite auf deiner Einwilligung beruht, kannst du die Einwilligung jederzeit ohne Angabe von Gr\u00fcnden mit Wirkung f\u00fcr die Zukunft widerrufen. Der Widerruf muss an den f\u00fcr die Datenverarbeitung Verantwortlichen unter der in Klausel 1 dieser Richtlinie angegebenen Adresse gesendet werden. Um deine Anfragen zur Aus\u00fcbung deiner Rechte bearbeiten zu k\u00f6nnen, kann es notwendig sein, dass du dich ausweist, damit wir uns deiner Identit\u00e4t sicher sein k\u00f6nnen. In der Schweiz gibt es kein Recht, eine Beschwerde bei einer Aufsichtsbeh\u00f6rde einzureichen. Wenn die DSGVO gilt, hast du das Recht, dich bei der zust\u00e4ndigen Datenschutzaufsichtsbeh\u00f6rde zu beschweren.<\/p>\n<h2>3. SSL- und TLS-Verschl\u00fcsselung<\/h2>\n<p>Aus Sicherheitsgr\u00fcnden und um die \u00dcbertragung vertraulicher Daten, wie z.B. deiner Anfragen, zu sch\u00fctzen, verwendet diese Seite eine SSL- oder TLS-Verschl\u00fcsselung. Eine verschl\u00fcsselte Verbindung erkennst du daran, dass die Adresszeile im Browser von &#8222;http:\/\/&#8220; auf &#8222;https:\/\/&#8220; wechselt und an dem Vorh\u00e4ngeschloss-Symbol in deinem Browser.<\/p>\n<h2>4. HubSpot<\/h2>\n<p>Wir verwenden HubSpot, um Kundenanfragen und den Newsletter-Versand zu verwalten. Die Cookies von Hubspot erm\u00f6glichen uns die Zuordnung des Kunden in der Hubspot-Software und statistische Auswertungen.<\/p>\n<h2>5. Allgemeine Datenerhebung<\/h2>\n<p>Unsere Internetseite sammelt bei jedem Besuch eine Reihe von allgemeinen Daten. Diese allgemeinen Daten und Informationen werden in den Logfiles des Servers gespeichert. Die folgenden Daten werden erfasst: IP-Adresse Datum und Uhrzeit des Zugriffs Zeitzonendifferenz im Verh\u00e4ltnis zur GMT Inhalt der Anfrage &#8211; Zugriffsstatus\/http-Statuscode Menge der \u00fcbertragenen Daten Website, von der die Anfrage stammt Browser (inkl. Sprache und Version) Betriebssystem Die Verwendung dieser allgemeinen Daten f\u00fchrt nicht zur Identifizierung einer bestimmten Person. Die Erhebung dieser Daten ist aus technischen Gr\u00fcnden notwendig, damit wir dir unsere Internetseite zeigen k\u00f6nnen und um ihre Stabilit\u00e4t und Sicherheit zu gew\u00e4hrleisten.<\/p>\n<h2>6. Soziale Medien<\/h2>\n<p>21 Lectures ist auf verschiedenen Social-Media-Plattformen pr\u00e4sent (siehe unten), um mit aktiven Kunden, potenziellen Kunden und interessierten Social-Media-Nutzern \u00fcber die Kurse, Dienstleistungen und andere Neuigkeiten von 21 Lectures zu kommunizieren. Wenn du solche Social-Media-Plattformen nutzt, gelten auch die Allgemeinen Gesch\u00e4ftsbedingungen und die Datenschutzrichtlinien der Plattformbetreiber.<\/p>\n<p>Als Teil des technischen Prozesses verschiedener Social-Media-Plattformen (z. B. LinkedIn, Twitter usw.) wissen diese Plattformen, wenn du auf Inhalte oder eine Website klickst, die du besuchst, ob du gleichzeitig in deinem Social-Media-Konto eingeloggt bist. Solche Informationen werden von Social Media-Plattformen gesammelt und deinen Social Media-Konten zugeordnet, unabh\u00e4ngig davon, ob du auf Inhalte dieser Plattform klickst oder nicht. Indem du dich von deinen Konten abmeldest, kannst du verhindern, dass diese Unternehmen die gesammelten Informationen mit deinen Konten in Verbindung bringen. Die Aktivit\u00e4ten dieser Unternehmen werden nicht von 21 Lectures kontrolliert und daher \u00fcbernehmen wir keine Haftung f\u00fcr Sch\u00e4den, die dir durch die Nutzung deiner Daten durch diese Unternehmen entstehen k\u00f6nnen.<\/p>\n<p>21 Lectures kann personenbezogene Daten von Nutzern sozialer Medien nur dann verarbeiten, wenn sie \u00fcber diese Plattformen direkt mit 21 Lectures kommunizieren. In solchen F\u00e4llen ist 21 Lectures auch f\u00fcr die Verarbeitung der dabei erhobenen personenbezogenen Daten verantwortlich. Neben der Datenverarbeitung durch uns verarbeiten auch andere Anbieter, insbesondere Betreiber von sozialen Netzwerken und Plattformen, personenbezogene Nutzerdaten. Wir haben keinen Einfluss auf diese Datenverarbeitung und sind nicht daf\u00fcr verantwortlich &#8211; die Datenverarbeitung findet ausschlie\u00dflich im Verantwortungsbereich der anderen Anbieter statt.<\/p>\n<p>F\u00fcr eine ausf\u00fchrliche Erl\u00e4uterung der jeweiligen Verarbeitung und der Widerspruchsm\u00f6glichkeiten (Opt-out) durch die Anbieter sozialer Mediennetzwerke verweisen wir auf die jeweiligen Datenschutzrichtlinien der Anbieter (siehe unten). Bei Auskunftsersuchen und der Geltendmachung von Betroffenenrechten bez\u00fcglich der Datenverarbeitung durch andere Anbieter weisen wir darauf hin, dass diese bei den unten genannten Anbietern geltend gemacht werden k\u00f6nnen. Nur die Anbieter haben Zugriff auf die Daten der Nutzer\/innen und k\u00f6nnen direkt entsprechende Ma\u00dfnahmen ergreifen und Ausk\u00fcnfte erteilen.<\/p>\n<p>Unsere Social-Media-Seiten und -Kan\u00e4le und die Links zu den jeweiligen Datenschutzerkl\u00e4rungen:<\/p>\n<p>21 Lectures Social-Media-Profile und die Datenschutzbestimmungen dieser Plattformen:<\/p>\n<p><a href=\"https:\/\/twitter.com\/21lectures\">\n  <u>Twitter<\/u>\n<\/a> <a href=\"https:\/\/twitter.com\/en\/privacy\">\n  <u>Link<\/u>\n<\/a> <\/p>\n<p><a href=\"https:\/\/ch.linkedin.com\/company\/21-lectures\">\n  <u>LinkedIn<\/u>\n<\/a> <a href=\"https:\/\/www.linkedin.com\/legal\/privacy-policy\">\n  <u>Link<\/u>\n<\/a><\/p>\n<h2>7. Cookies<\/h2>\n<p>Unsere Internetseite verwendet so genannte Cookies, kleine Textdateien, die auf deinem Computer gespeichert werden und von dort aus abgerufen werden k\u00f6nnen. Cookies werden verwendet, damit du dich f\u00fcr unsere Dienste anmelden kannst und um unsere Website f\u00fcr dich zu personalisieren. Zu diesem Zweck sammeln Cookies Informationen \u00fcber deine IP-Adresse, die Zeit und Dauer deines Besuchs, die Anzahl der Besuche, die Nutzung von Formularen, deine Sucheinstellungen, deinen Ansichtsmodus und deine Favoriten auf unserer Website. Die meisten der von uns verwendeten Cookies sind &#8222;Sitzungscookies&#8220;. Sie werden am Ende deines Besuchs automatisch gel\u00f6scht. Andere Cookies bleiben auf deinem Endger\u00e4t gespeichert, bis du sie l\u00f6schst. Du kannst die Speicherung von Cookies durch unsere Internetseite jederzeit verhindern, indem du deinen Internetbrowser entsprechend einstellst und damit die Speicherung von Cookies dauerhaft deaktivierst. Dar\u00fcber hinaus k\u00f6nnen bereits gespeicherte Cookies jederzeit \u00fcber deinen Internetbrowser gel\u00f6scht werden. Wenn du die Speicherung von Cookies deaktivierst, kann es sein, dass du die Funktionen auf unserer Internetseite nicht voll nutzen kannst.<\/p>\n<h2>8. Analytische Informationen<\/h2>\n<p>Squarespace verwendet Analysetools, die uns dabei helfen, den Verkehr und die Nutzungstrends auf unserer Website zu messen. Diese Tools sammeln Informationen, die von deinem Browser als Teil einer Webseitenanfrage gesendet werden, einschlie\u00dflich der von dir besuchten Webseiten, deiner Browser-Add-ons und anderer Informationen, die uns helfen, unsere Website zu verbessern. Wir k\u00f6nnen diese Analysedaten zusammen mit deinen pers\u00f6nlichen Daten sammeln und verwenden und Sitzungsdaten von Nutzerbesuchen zusammenf\u00fcgen, um ein breiteres Profil unserer einzelnen Nutzer zu erstellen, damit wir dich besser bedienen k\u00f6nnen.<\/p>\n<h2>9. Newsletter<\/h2>\n<p>Wenn du dich mit deiner E-Mail-Adresse f\u00fcr unseren Newsletter angemeldet hast, speichern und nutzen wir deine E-Mail-Adresse, um dir unseren Newsletter mit Informationen und Werbung \u00fcber uns zu schicken, bis du dich von unserem Newsletter abmeldest.<br>\nF\u00fcr unseren Newsletter-Service nutzen wir den Drittanbieterdienst HubSpot. Deine E-Mail-Adresse wird dauerhaft bei HubSpot gespeichert, bis du den Newsletter abbestellt hast und sie von uns gel\u00f6scht wird.<br>\nIn den Newslettern verwenden wir sogenannte Z\u00e4hlpixel. So k\u00f6nnen wir eine statistische Auswertung des Erfolgs des Newsletters vornehmen. Anhand des eingebetteten Z\u00e4hlpixels kann 21 Lectures erkennen, ob und wann eine E-Mail von einer betroffenen Person ge\u00f6ffnet wurde und welche in der E-Mail befindlichen Links von der betroffenen Person aufgerufen wurden. Solche personenbezogenen Daten, die \u00fcber das in den Newslettern enthaltene Tracking-Pixel erhoben werden, werden von dem f\u00fcr die Verarbeitung Verantwortlichen gespeichert und analysiert.<br>\nDu kannst dich jederzeit von unserem Newsletter abmelden. Verwende dazu bitte die unten stehenden Kontaktm\u00f6glichkeiten.<br>\nWir m\u00f6chten darauf hinweisen, dass die \u00fcber HubSpot erhobenen und verwendeten Daten auf Computern in den USA gespeichert und verarbeitet werden. Indem du dem Erhalt unseres Newsletters zustimmst, erkl\u00e4rst du dich damit einverstanden. Deine E-Mail-Adresse wird nicht auf andere Weise an Dritte weitergegeben.<\/p>\t\t\t\t\t\t\t\t<\/div>\n\t\t\t\t<\/div>\n\t\t\t\t\t<\/div>\n\t\t<\/div>\n\t\t\t\t\t<\/div>\n\t\t<\/section>\n\t\t\t\t<\/div>\n\t\t","protected":false},"excerpt":{"rendered":"<p>Diese Datenschutzrichtlinie unterliegt dem Schweizer Recht. Soweit anwendbar, werden die gesetzlichen Bestimmungen der Europ\u00e4ischen Union (EU), insbesondere die EU-Datenschutzgrundverordnung, ber\u00fccksichtigt. Wenn du unsere Internetseite nutzt, werden verschiedene pers\u00f6nliche Daten erhoben. Personenbezogene Daten sind Daten, die dich pers\u00f6nlich identifizieren. Die folgende Datenschutzerkl\u00e4rung erkl\u00e4rt, welche Daten wir sammeln und wof\u00fcr wir sie verwenden. Es wird auch erkl\u00e4rt, [&hellip;]<\/p>\n","protected":false},"author":2,"featured_media":0,"parent":0,"menu_order":0,"comment_status":"closed","ping_status":"open","template":"","meta":{"_acf_changed":false,"content-type":"","footnotes":""},"class_list":["post-1952","page","type-page","status-publish","hentry"],"acf":[],"yoast_head":"<!-- This site is optimized with the Yoast SEO plugin v25.3.1 - https:\/\/yoast.com\/wordpress\/plugins\/seo\/ -->\n<title>Datenschutzrichtlinie - 21 Lectures<\/title>\n<meta name=\"description\" content=\"Datenschutzrichtlinie von 21 Lectures. Wir sind bei allen Richtlinien transparent, also warte nicht und kontaktiere uns, wenn du Fragen hast.\" \/>\n<meta name=\"robots\" content=\"index, follow, max-snippet:-1, max-image-preview:large, max-video-preview:-1\" \/>\n<link rel=\"canonical\" href=\"https:\/\/21lectures.com\/de\/datenschutzrichtlinie\/\" \/>\n<meta property=\"og:locale\" content=\"de_DE\" \/>\n<meta property=\"og:type\" content=\"article\" \/>\n<meta property=\"og:title\" content=\"Datenschutzrichtlinie - 21 Lectures\" \/>\n<meta property=\"og:description\" content=\"Datenschutzrichtlinie von 21 Lectures. Wir sind bei allen Richtlinien transparent, also warte nicht und kontaktiere uns, wenn du Fragen hast.\" \/>\n<meta property=\"og:url\" content=\"https:\/\/21lectures.com\/de\/datenschutzrichtlinie\/\" \/>\n<meta property=\"og:site_name\" content=\"21 Lectures\" \/>\n<meta property=\"article:modified_time\" content=\"2024-04-04T12:42:51+00:00\" \/>\n<meta name=\"twitter:card\" content=\"summary_large_image\" \/>\n<meta name=\"twitter:site\" content=\"@21lectures\" \/>\n<meta name=\"twitter:label1\" content=\"Gesch\u00e4tzte Lesezeit\" \/>\n\t<meta name=\"twitter:data1\" content=\"6\u00a0Minuten\" \/>\n<script type=\"application\/ld+json\" class=\"yoast-schema-graph\">{\"@context\":\"https:\/\/schema.org\",\"@graph\":[{\"@type\":\"WebPage\",\"@id\":\"https:\/\/21lectures.com\/de\/datenschutzrichtlinie\/\",\"url\":\"https:\/\/21lectures.com\/de\/datenschutzrichtlinie\/\",\"name\":\"Datenschutzrichtlinie - 21 Lectures\",\"isPartOf\":{\"@id\":\"https:\/\/21lectures.com\/de\/#website\"},\"datePublished\":\"2023-04-10T19:54:25+00:00\",\"dateModified\":\"2024-04-04T12:42:51+00:00\",\"description\":\"Datenschutzrichtlinie von 21 Lectures. Wir sind bei allen Richtlinien transparent, also warte nicht und kontaktiere uns, wenn du Fragen hast.\",\"breadcrumb\":{\"@id\":\"https:\/\/21lectures.com\/de\/datenschutzrichtlinie\/#breadcrumb\"},\"inLanguage\":\"de\",\"potentialAction\":[{\"@type\":\"ReadAction\",\"target\":[\"https:\/\/21lectures.com\/de\/datenschutzrichtlinie\/\"]}]},{\"@type\":\"BreadcrumbList\",\"@id\":\"https:\/\/21lectures.com\/de\/datenschutzrichtlinie\/#breadcrumb\",\"itemListElement\":[{\"@type\":\"ListItem\",\"position\":1,\"name\":\"Home\",\"item\":\"https:\/\/21lectures.com\/de\/21-lectures-home\/\"},{\"@type\":\"ListItem\",\"position\":2,\"name\":\"Datenschutzrichtlinie\"}]},{\"@type\":\"WebSite\",\"@id\":\"https:\/\/21lectures.com\/de\/#website\",\"url\":\"https:\/\/21lectures.com\/de\/\",\"name\":\"21 Lectures\",\"description\":\"#1 in Bitcoin Education\",\"publisher\":{\"@id\":\"https:\/\/21lectures.com\/de\/#organization\"},\"potentialAction\":[{\"@type\":\"SearchAction\",\"target\":{\"@type\":\"EntryPoint\",\"urlTemplate\":\"https:\/\/21lectures.com\/de\/?s={search_term_string}\"},\"query-input\":{\"@type\":\"PropertyValueSpecification\",\"valueRequired\":true,\"valueName\":\"search_term_string\"}}],\"inLanguage\":\"de\"},{\"@type\":\"Organization\",\"@id\":\"https:\/\/21lectures.com\/de\/#organization\",\"name\":\"21 Lectures\",\"url\":\"https:\/\/21lectures.com\/de\/\",\"logo\":{\"@type\":\"ImageObject\",\"inLanguage\":\"de\",\"@id\":\"https:\/\/21lectures.com\/de\/#\/schema\/logo\/image\/\",\"url\":\"https:\/\/21lectures.com\/wp-content\/uploads\/2023\/04\/21-Lectures-Logo-yellow_black.svg\",\"contentUrl\":\"https:\/\/21lectures.com\/wp-content\/uploads\/2023\/04\/21-Lectures-Logo-yellow_black.svg\",\"width\":2000,\"height\":558,\"caption\":\"21 Lectures\"},\"image\":{\"@id\":\"https:\/\/21lectures.com\/de\/#\/schema\/logo\/image\/\"},\"sameAs\":[\"https:\/\/x.com\/21lectures\",\"https:\/\/ch.linkedin.com\/company\/21-lectures\"]}]}<\/script>\n<!-- \/ Yoast SEO plugin. -->","yoast_head_json":{"title":"Datenschutzrichtlinie - 21 Lectures","description":"Datenschutzrichtlinie von 21 Lectures. Wir sind bei allen Richtlinien transparent, also warte nicht und kontaktiere uns, wenn du Fragen hast.","robots":{"index":"index","follow":"follow","max-snippet":"max-snippet:-1","max-image-preview":"max-image-preview:large","max-video-preview":"max-video-preview:-1"},"canonical":"https:\/\/21lectures.com\/de\/datenschutzrichtlinie\/","og_locale":"de_DE","og_type":"article","og_title":"Datenschutzrichtlinie - 21 Lectures","og_description":"Datenschutzrichtlinie von 21 Lectures. Wir sind bei allen Richtlinien transparent, also warte nicht und kontaktiere uns, wenn du Fragen hast.","og_url":"https:\/\/21lectures.com\/de\/datenschutzrichtlinie\/","og_site_name":"21 Lectures","article_modified_time":"2024-04-04T12:42:51+00:00","twitter_card":"summary_large_image","twitter_site":"@21lectures","twitter_misc":{"Gesch\u00e4tzte Lesezeit":"6\u00a0Minuten"},"schema":{"@context":"https:\/\/schema.org","@graph":[{"@type":"WebPage","@id":"https:\/\/21lectures.com\/de\/datenschutzrichtlinie\/","url":"https:\/\/21lectures.com\/de\/datenschutzrichtlinie\/","name":"Datenschutzrichtlinie - 21 Lectures","isPartOf":{"@id":"https:\/\/21lectures.com\/de\/#website"},"datePublished":"2023-04-10T19:54:25+00:00","dateModified":"2024-04-04T12:42:51+00:00","description":"Datenschutzrichtlinie von 21 Lectures. Wir sind bei allen Richtlinien transparent, also warte nicht und kontaktiere uns, wenn du Fragen hast.","breadcrumb":{"@id":"https:\/\/21lectures.com\/de\/datenschutzrichtlinie\/#breadcrumb"},"inLanguage":"de","potentialAction":[{"@type":"ReadAction","target":["https:\/\/21lectures.com\/de\/datenschutzrichtlinie\/"]}]},{"@type":"BreadcrumbList","@id":"https:\/\/21lectures.com\/de\/datenschutzrichtlinie\/#breadcrumb","itemListElement":[{"@type":"ListItem","position":1,"name":"Home","item":"https:\/\/21lectures.com\/de\/21-lectures-home\/"},{"@type":"ListItem","position":2,"name":"Datenschutzrichtlinie"}]},{"@type":"WebSite","@id":"https:\/\/21lectures.com\/de\/#website","url":"https:\/\/21lectures.com\/de\/","name":"21 Lectures","description":"#1 in Bitcoin Education","publisher":{"@id":"https:\/\/21lectures.com\/de\/#organization"},"potentialAction":[{"@type":"SearchAction","target":{"@type":"EntryPoint","urlTemplate":"https:\/\/21lectures.com\/de\/?s={search_term_string}"},"query-input":{"@type":"PropertyValueSpecification","valueRequired":true,"valueName":"search_term_string"}}],"inLanguage":"de"},{"@type":"Organization","@id":"https:\/\/21lectures.com\/de\/#organization","name":"21 Lectures","url":"https:\/\/21lectures.com\/de\/","logo":{"@type":"ImageObject","inLanguage":"de","@id":"https:\/\/21lectures.com\/de\/#\/schema\/logo\/image\/","url":"https:\/\/21lectures.com\/wp-content\/uploads\/2023\/04\/21-Lectures-Logo-yellow_black.svg","contentUrl":"https:\/\/21lectures.com\/wp-content\/uploads\/2023\/04\/21-Lectures-Logo-yellow_black.svg","width":2000,"height":558,"caption":"21 Lectures"},"image":{"@id":"https:\/\/21lectures.com\/de\/#\/schema\/logo\/image\/"},"sameAs":["https:\/\/x.com\/21lectures","https:\/\/ch.linkedin.com\/company\/21-lectures"]}]}},"_links":{"self":[{"href":"https:\/\/21lectures.com\/de\/wp-json\/wp\/v2\/pages\/1952","targetHints":{"allow":["GET"]}}],"collection":[{"href":"https:\/\/21lectures.com\/de\/wp-json\/wp\/v2\/pages"}],"about":[{"href":"https:\/\/21lectures.com\/de\/wp-json\/wp\/v2\/types\/page"}],"author":[{"embeddable":true,"href":"https:\/\/21lectures.com\/de\/wp-json\/wp\/v2\/users\/2"}],"replies":[{"embeddable":true,"href":"https:\/\/21lectures.com\/de\/wp-json\/wp\/v2\/comments?post=1952"}],"version-history":[{"count":3,"href":"https:\/\/21lectures.com\/de\/wp-json\/wp\/v2\/pages\/1952\/revisions"}],"predecessor-version":[{"id":1955,"href":"https:\/\/21lectures.com\/de\/wp-json\/wp\/v2\/pages\/1952\/revisions\/1955"}],"wp:attachment":[{"href":"https:\/\/21lectures.com\/de\/wp-json\/wp\/v2\/media?parent=1952"}],"curies":[{"name":"wp","href":"https:\/\/api.w.org\/{rel}","templated":true}]}}