{"id":2633,"date":"2023-07-27T12:40:10","date_gmt":"2023-07-27T12:40:10","guid":{"rendered":"https:\/\/21lectures.com\/faq\/"},"modified":"2024-12-03T08:46:36","modified_gmt":"2024-12-03T08:46:36","slug":"faq","status":"publish","type":"page","link":"https:\/\/21lectures.com\/fr\/faq\/","title":{"rendered":"FAQ"},"content":{"rendered":"<h1>FAQ &#8211; Foire aux questions<\/h1>\n<p><a tabindex=\"0\">A qui s&rsquo;adressent les cours ?<\/a><\/p>\n<p>Les cours Essential et Masterclass s&rsquo;adressent principalement aux personnes disposant d&rsquo;un bagage technique ou souhaitant approfondir les aspects techniques li\u00e9s au Bitcoin. Cependant, en principe, ils restent ouverts \u00e0 toute personne int\u00e9ress\u00e9e par le sujet.<\/p>\n<p><a tabindex=\"0\">Quelles sont les connaissances pr\u00e9alables requises?<\/a><\/p>\n<p>Essential : Aucun pr\u00e9requis, juste une curiosit\u00e9 et un int\u00e9r\u00eat pour les aspects techniques de Bitcoin.<\/p>\n<p>Masterclass: Une compr\u00e9hension de base de Bitcoin est n\u00e9cessaire (i.e. ma\u00eetriser les fondamentaux pr\u00e9sent\u00e9s dans le cours Essential), ainsi qu\u2019une familiarit\u00e9 avec la ligne de commande, car nous allons explorer des aspects techniques en profondeur.<\/p>\n<p><a tabindex=\"0\">Combien co\u00fbtent les cours ?<\/a><\/p>\n<p>Gr\u00e2ce au soutien de nos partenaires, qui nous aident \u00e0 prendre en charge une partie des co\u00fbts, nous sommes en mesure de pouvoir accorder des r\u00e9ductions aux particuliers et aux startups:<\/p>\n<ul>\n<li>Essential : 935 CHF pour les particuliers\/startups et 2&rsquo;435 CHF pour les entreprises.<\/li>\n<li>Masterclass : 2&rsquo;335 CHF pour les particuliers\/startups &amp; 4&rsquo;935 CHF pour les entreprises.<\/li>\n<\/ul>\n<p><a tabindex=\"0\">Y a-t-il d&rsquo;autres co\u00fbts ?<\/a><\/p>\n<p>Les frais de cours comprennent le mat\u00e9riel d&rsquo;apprentissage, les boissons ainsi que le d\u00e9jeuner. Les frais de d\u00e9placement, le d\u00eener et les \u00e9ventuelles nuit\u00e9esne sont pas couverts.<\/p>\n<p>Si tu as des besoins particuliers ou si tu n\u00e9cessites une aide financi\u00e8re, n&rsquo;h\u00e9site pas \u00e0 nous contacter. Nous serons ravis de t&rsquo;aider.<\/p>\n<p><a tabindex=\"0\">Dans quelles langues se d\u00e9rouleront les cours ?<\/a><\/p>\n<p>Le cours Essential et Masterclass se d\u00e9roulent en anglais.<\/p>\n<p><a tabindex=\"0\">O\u00f9 se d\u00e9roule la formation ?<\/a><\/p>\n<p>Les cours ont lieu dans la ville de Zurich, comme indiqu\u00e9 dans l&#8217;emploi du temps. D&rsquo;autres lieux peuvent \u00eatre envisag\u00e9s si n\u00e9cessaire, en fonction des besoins.<\/p>\n<p><a tabindex=\"0\">Quelles sont les heures d&rsquo;enseignement ?<\/a><\/p>\n<p>Les horaires habituels sont:<\/p>\n<p>D\u00e9but: 09:00<\/p>\n<p>D\u00e9jeuner: 12h00<\/p>\n<p>D\u00e9but l&rsquo;apr\u00e8s-midi: 13h15<\/p>\n<p>Fin: 16h30<\/p>\n<p>Tu peux consulter la description du cours pour conna\u00eetre les horaires.<\/p>\n<p><a tabindex=\"0\">O\u00f9 puis-je obtenir plus d&rsquo;informations ?<\/a><\/p>\n<p>Si tu as d&rsquo;autres questions, n&rsquo;h\u00e9site pas \u00e0 nous contacter (info(at)21lectures.com). Nous te r\u00e9pondrons dans les 24 heures.<\/p>\n<h2>Inscris-toi \u00e0 notre bulletin d&rsquo;information :<\/h2>\n","protected":false},"excerpt":{"rendered":"<p>FAQ &#8211; Foire aux questions A qui s&rsquo;adressent les cours ? Les cours Essential et Masterclass s&rsquo;adressent principalement aux personnes disposant d&rsquo;un bagage technique ou souhaitant approfondir les aspects techniques li\u00e9s au Bitcoin. Cependant, en principe, ils restent ouverts \u00e0 toute personne int\u00e9ress\u00e9e par le sujet. Quelles sont les connaissances pr\u00e9alables requises? Essential : Aucun [&hellip;]<\/p>\n","protected":false},"author":2,"featured_media":0,"parent":0,"menu_order":0,"comment_status":"closed","ping_status":"closed","template":"elementor_header_footer","meta":{"_acf_changed":false,"content-type":"","footnotes":""},"class_list":["post-2633","page","type-page","status-publish","hentry"],"acf":[],"yoast_head":"<!-- This site is optimized with the Yoast SEO plugin v25.3.1 - https:\/\/yoast.com\/wordpress\/plugins\/seo\/ -->\n<title>FAQ - 21 Lectures \u00c9ducation au bitcoin<\/title>\n<meta name=\"description\" content=\"Obtiens des r\u00e9ponses \u00e0 tes questions fr\u00e9quentes sur l&#039;\u00e9ducation et les cours sur le bitcoin \u00e0 21 Lectures. Nous sommes l\u00e0 pour t&#039;aider \u00e0 guider ton voyage d&#039;apprentissage sur les crypto-monnaies.\" \/>\n<meta name=\"robots\" content=\"index, follow, max-snippet:-1, max-image-preview:large, max-video-preview:-1\" \/>\n<link rel=\"canonical\" href=\"https:\/\/21lectures.com\/fr\/faq\/\" \/>\n<meta property=\"og:locale\" content=\"fr_FR\" \/>\n<meta property=\"og:type\" content=\"article\" \/>\n<meta property=\"og:title\" content=\"FAQ - 21 Lectures \u00c9ducation au bitcoin\" \/>\n<meta property=\"og:description\" content=\"Obtiens des r\u00e9ponses \u00e0 tes questions fr\u00e9quentes sur l&#039;\u00e9ducation et les cours sur le bitcoin \u00e0 21 Lectures. Nous sommes l\u00e0 pour t&#039;aider \u00e0 guider ton voyage d&#039;apprentissage sur les crypto-monnaies.\" \/>\n<meta property=\"og:url\" content=\"https:\/\/21lectures.com\/fr\/faq\/\" \/>\n<meta property=\"og:site_name\" content=\"21 Lectures\" \/>\n<meta property=\"article:modified_time\" content=\"2024-12-03T08:46:36+00:00\" \/>\n<meta name=\"twitter:card\" content=\"summary_large_image\" \/>\n<meta name=\"twitter:site\" content=\"@21lectures\" \/>\n<meta name=\"twitter:label1\" content=\"Dur\u00e9e de lecture estim\u00e9e\" \/>\n\t<meta name=\"twitter:data1\" content=\"2 minutes\" \/>\n<script type=\"application\/ld+json\" class=\"yoast-schema-graph\">{\"@context\":\"https:\/\/schema.org\",\"@graph\":[{\"@type\":\"WebPage\",\"@id\":\"https:\/\/21lectures.com\/fr\/faq\/\",\"url\":\"https:\/\/21lectures.com\/fr\/faq\/\",\"name\":\"FAQ - 21 Lectures \u00c9ducation au bitcoin\",\"isPartOf\":{\"@id\":\"https:\/\/21lectures.com\/fr\/#website\"},\"datePublished\":\"2023-07-27T12:40:10+00:00\",\"dateModified\":\"2024-12-03T08:46:36+00:00\",\"description\":\"Obtiens des r\u00e9ponses \u00e0 tes questions fr\u00e9quentes sur l'\u00e9ducation et les cours sur le bitcoin \u00e0 21 Lectures. Nous sommes l\u00e0 pour t'aider \u00e0 guider ton voyage d'apprentissage sur les crypto-monnaies.\",\"breadcrumb\":{\"@id\":\"https:\/\/21lectures.com\/fr\/faq\/#breadcrumb\"},\"inLanguage\":\"fr-FR\",\"potentialAction\":[{\"@type\":\"ReadAction\",\"target\":[\"https:\/\/21lectures.com\/fr\/faq\/\"]}]},{\"@type\":\"BreadcrumbList\",\"@id\":\"https:\/\/21lectures.com\/fr\/faq\/#breadcrumb\",\"itemListElement\":[{\"@type\":\"ListItem\",\"position\":1,\"name\":\"Home\",\"item\":\"https:\/\/21lectures.com\/fr\/\"},{\"@type\":\"ListItem\",\"position\":2,\"name\":\"FAQ\"}]},{\"@type\":\"WebSite\",\"@id\":\"https:\/\/21lectures.com\/fr\/#website\",\"url\":\"https:\/\/21lectures.com\/fr\/\",\"name\":\"21 Lectures\",\"description\":\"#1 in Bitcoin Education\",\"publisher\":{\"@id\":\"https:\/\/21lectures.com\/fr\/#organization\"},\"potentialAction\":[{\"@type\":\"SearchAction\",\"target\":{\"@type\":\"EntryPoint\",\"urlTemplate\":\"https:\/\/21lectures.com\/fr\/?s={search_term_string}\"},\"query-input\":{\"@type\":\"PropertyValueSpecification\",\"valueRequired\":true,\"valueName\":\"search_term_string\"}}],\"inLanguage\":\"fr-FR\"},{\"@type\":\"Organization\",\"@id\":\"https:\/\/21lectures.com\/fr\/#organization\",\"name\":\"21 Lectures\",\"url\":\"https:\/\/21lectures.com\/fr\/\",\"logo\":{\"@type\":\"ImageObject\",\"inLanguage\":\"fr-FR\",\"@id\":\"https:\/\/21lectures.com\/fr\/#\/schema\/logo\/image\/\",\"url\":\"https:\/\/21lectures.com\/wp-content\/uploads\/2023\/04\/21-Lectures-Logo-yellow_black.svg\",\"contentUrl\":\"https:\/\/21lectures.com\/wp-content\/uploads\/2023\/04\/21-Lectures-Logo-yellow_black.svg\",\"width\":2000,\"height\":558,\"caption\":\"21 Lectures\"},\"image\":{\"@id\":\"https:\/\/21lectures.com\/fr\/#\/schema\/logo\/image\/\"},\"sameAs\":[\"https:\/\/x.com\/21lectures\",\"https:\/\/ch.linkedin.com\/company\/21-lectures\"]}]}<\/script>\n<!-- \/ Yoast SEO plugin. -->","yoast_head_json":{"title":"FAQ - 21 Lectures \u00c9ducation au bitcoin","description":"Obtiens des r\u00e9ponses \u00e0 tes questions fr\u00e9quentes sur l'\u00e9ducation et les cours sur le bitcoin \u00e0 21 Lectures. Nous sommes l\u00e0 pour t'aider \u00e0 guider ton voyage d'apprentissage sur les crypto-monnaies.","robots":{"index":"index","follow":"follow","max-snippet":"max-snippet:-1","max-image-preview":"max-image-preview:large","max-video-preview":"max-video-preview:-1"},"canonical":"https:\/\/21lectures.com\/fr\/faq\/","og_locale":"fr_FR","og_type":"article","og_title":"FAQ - 21 Lectures \u00c9ducation au bitcoin","og_description":"Obtiens des r\u00e9ponses \u00e0 tes questions fr\u00e9quentes sur l'\u00e9ducation et les cours sur le bitcoin \u00e0 21 Lectures. Nous sommes l\u00e0 pour t'aider \u00e0 guider ton voyage d'apprentissage sur les crypto-monnaies.","og_url":"https:\/\/21lectures.com\/fr\/faq\/","og_site_name":"21 Lectures","article_modified_time":"2024-12-03T08:46:36+00:00","twitter_card":"summary_large_image","twitter_site":"@21lectures","twitter_misc":{"Dur\u00e9e de lecture estim\u00e9e":"2 minutes"},"schema":{"@context":"https:\/\/schema.org","@graph":[{"@type":"WebPage","@id":"https:\/\/21lectures.com\/fr\/faq\/","url":"https:\/\/21lectures.com\/fr\/faq\/","name":"FAQ - 21 Lectures \u00c9ducation au bitcoin","isPartOf":{"@id":"https:\/\/21lectures.com\/fr\/#website"},"datePublished":"2023-07-27T12:40:10+00:00","dateModified":"2024-12-03T08:46:36+00:00","description":"Obtiens des r\u00e9ponses \u00e0 tes questions fr\u00e9quentes sur l'\u00e9ducation et les cours sur le bitcoin \u00e0 21 Lectures. Nous sommes l\u00e0 pour t'aider \u00e0 guider ton voyage d'apprentissage sur les crypto-monnaies.","breadcrumb":{"@id":"https:\/\/21lectures.com\/fr\/faq\/#breadcrumb"},"inLanguage":"fr-FR","potentialAction":[{"@type":"ReadAction","target":["https:\/\/21lectures.com\/fr\/faq\/"]}]},{"@type":"BreadcrumbList","@id":"https:\/\/21lectures.com\/fr\/faq\/#breadcrumb","itemListElement":[{"@type":"ListItem","position":1,"name":"Home","item":"https:\/\/21lectures.com\/fr\/"},{"@type":"ListItem","position":2,"name":"FAQ"}]},{"@type":"WebSite","@id":"https:\/\/21lectures.com\/fr\/#website","url":"https:\/\/21lectures.com\/fr\/","name":"21 Lectures","description":"#1 in Bitcoin Education","publisher":{"@id":"https:\/\/21lectures.com\/fr\/#organization"},"potentialAction":[{"@type":"SearchAction","target":{"@type":"EntryPoint","urlTemplate":"https:\/\/21lectures.com\/fr\/?s={search_term_string}"},"query-input":{"@type":"PropertyValueSpecification","valueRequired":true,"valueName":"search_term_string"}}],"inLanguage":"fr-FR"},{"@type":"Organization","@id":"https:\/\/21lectures.com\/fr\/#organization","name":"21 Lectures","url":"https:\/\/21lectures.com\/fr\/","logo":{"@type":"ImageObject","inLanguage":"fr-FR","@id":"https:\/\/21lectures.com\/fr\/#\/schema\/logo\/image\/","url":"https:\/\/21lectures.com\/wp-content\/uploads\/2023\/04\/21-Lectures-Logo-yellow_black.svg","contentUrl":"https:\/\/21lectures.com\/wp-content\/uploads\/2023\/04\/21-Lectures-Logo-yellow_black.svg","width":2000,"height":558,"caption":"21 Lectures"},"image":{"@id":"https:\/\/21lectures.com\/fr\/#\/schema\/logo\/image\/"},"sameAs":["https:\/\/x.com\/21lectures","https:\/\/ch.linkedin.com\/company\/21-lectures"]}]}},"_links":{"self":[{"href":"https:\/\/21lectures.com\/fr\/wp-json\/wp\/v2\/pages\/2633","targetHints":{"allow":["GET"]}}],"collection":[{"href":"https:\/\/21lectures.com\/fr\/wp-json\/wp\/v2\/pages"}],"about":[{"href":"https:\/\/21lectures.com\/fr\/wp-json\/wp\/v2\/types\/page"}],"author":[{"embeddable":true,"href":"https:\/\/21lectures.com\/fr\/wp-json\/wp\/v2\/users\/2"}],"replies":[{"embeddable":true,"href":"https:\/\/21lectures.com\/fr\/wp-json\/wp\/v2\/comments?post=2633"}],"version-history":[{"count":3,"href":"https:\/\/21lectures.com\/fr\/wp-json\/wp\/v2\/pages\/2633\/revisions"}],"predecessor-version":[{"id":2719,"href":"https:\/\/21lectures.com\/fr\/wp-json\/wp\/v2\/pages\/2633\/revisions\/2719"}],"wp:attachment":[{"href":"https:\/\/21lectures.com\/fr\/wp-json\/wp\/v2\/media?parent=2633"}],"curies":[{"name":"wp","href":"https:\/\/api.w.org\/{rel}","templated":true}]}}