{"id":2648,"date":"2023-04-13T09:55:58","date_gmt":"2023-04-13T09:55:58","guid":{"rendered":"https:\/\/21lectures.com\/medias-et-presse\/"},"modified":"2023-04-13T09:55:58","modified_gmt":"2023-04-13T09:55:58","slug":"medias-et-presse","status":"publish","type":"page","link":"https:\/\/21lectures.com\/fr\/medias-et-presse\/","title":{"rendered":"M\u00e9dias et presse"},"content":{"rendered":"<p>21 Lectures est synonyme de professionnalisme dans la formation continue au bitcoin. Nous sommes heureux de recevoir des demandes de renseignements de la part des m\u00e9dias. Utilise notre formulaire de contact.<\/p>\n<p><a href=\"https:\/\/21lectures.com\/contact\/\">Contact<br \/>\n<\/a><\/p>\n<h2>Mat\u00e9riel de presse<\/h2>\n<p><a href=\"https:\/\/drive.google.com\/drive\/folders\/1FeACAgioku8O6pcuP7f-QdKRD0ZYIXip\" class=\"broken_link\">T\u00e9l\u00e9charger ici<br \/>\n<\/a><\/p>\n","protected":false},"excerpt":{"rendered":"<p>21 Lectures est synonyme de professionnalisme dans la formation continue au bitcoin. Nous sommes heureux de recevoir des demandes de renseignements de la part des m\u00e9dias. Utilise notre formulaire de contact. Contact Mat\u00e9riel de presse T\u00e9l\u00e9charger ici<\/p>\n","protected":false},"author":2,"featured_media":0,"parent":0,"menu_order":0,"comment_status":"closed","ping_status":"closed","template":"","meta":{"_acf_changed":false,"content-type":"","footnotes":""},"class_list":["post-2648","page","type-page","status-publish","hentry"],"acf":[],"yoast_head":"<!-- This site is optimized with the Yoast SEO plugin v25.3.1 - https:\/\/yoast.com\/wordpress\/plugins\/seo\/ -->\n<title>M\u00e9dias et presse - 21 Lectures \u00c9ducation au bitcoin<\/title>\n<meta name=\"description\" content=\"Rattrape les derni\u00e8res couvertures m\u00e9diatiques et les communiqu\u00e9s de presse de 21 Lectures, ta source de confiance pour les informations sur l&#039;\u00e9ducation au bitcoin.\" \/>\n<meta name=\"robots\" content=\"index, follow, max-snippet:-1, max-image-preview:large, max-video-preview:-1\" \/>\n<link rel=\"canonical\" href=\"https:\/\/21lectures.com\/fr\/medias-et-presse\/\" \/>\n<meta property=\"og:locale\" content=\"fr_FR\" \/>\n<meta property=\"og:type\" content=\"article\" \/>\n<meta property=\"og:title\" content=\"M\u00e9dias et presse - 21 Lectures \u00c9ducation au bitcoin\" \/>\n<meta property=\"og:description\" content=\"Rattrape les derni\u00e8res couvertures m\u00e9diatiques et les communiqu\u00e9s de presse de 21 Lectures, ta source de confiance pour les informations sur l&#039;\u00e9ducation au bitcoin.\" \/>\n<meta property=\"og:url\" content=\"https:\/\/21lectures.com\/fr\/medias-et-presse\/\" \/>\n<meta property=\"og:site_name\" content=\"21 Lectures\" \/>\n<meta name=\"twitter:card\" content=\"summary_large_image\" \/>\n<meta name=\"twitter:site\" content=\"@21lectures\" \/>\n<script type=\"application\/ld+json\" class=\"yoast-schema-graph\">{\"@context\":\"https:\/\/schema.org\",\"@graph\":[{\"@type\":\"WebPage\",\"@id\":\"https:\/\/21lectures.com\/fr\/medias-et-presse\/\",\"url\":\"https:\/\/21lectures.com\/fr\/medias-et-presse\/\",\"name\":\"M\u00e9dias et presse - 21 Lectures \u00c9ducation au bitcoin\",\"isPartOf\":{\"@id\":\"https:\/\/21lectures.com\/fr\/#website\"},\"datePublished\":\"2023-04-13T09:55:58+00:00\",\"description\":\"Rattrape les derni\u00e8res couvertures m\u00e9diatiques et les communiqu\u00e9s de presse de 21 Lectures, ta source de confiance pour les informations sur l'\u00e9ducation au bitcoin.\",\"breadcrumb\":{\"@id\":\"https:\/\/21lectures.com\/fr\/medias-et-presse\/#breadcrumb\"},\"inLanguage\":\"fr-FR\",\"potentialAction\":[{\"@type\":\"ReadAction\",\"target\":[\"https:\/\/21lectures.com\/fr\/medias-et-presse\/\"]}]},{\"@type\":\"BreadcrumbList\",\"@id\":\"https:\/\/21lectures.com\/fr\/medias-et-presse\/#breadcrumb\",\"itemListElement\":[{\"@type\":\"ListItem\",\"position\":1,\"name\":\"Home\",\"item\":\"https:\/\/21lectures.com\/fr\/\"},{\"@type\":\"ListItem\",\"position\":2,\"name\":\"M\u00e9dias et presse\"}]},{\"@type\":\"WebSite\",\"@id\":\"https:\/\/21lectures.com\/fr\/#website\",\"url\":\"https:\/\/21lectures.com\/fr\/\",\"name\":\"21 Lectures\",\"description\":\"#1 in Bitcoin Education\",\"publisher\":{\"@id\":\"https:\/\/21lectures.com\/fr\/#organization\"},\"potentialAction\":[{\"@type\":\"SearchAction\",\"target\":{\"@type\":\"EntryPoint\",\"urlTemplate\":\"https:\/\/21lectures.com\/fr\/?s={search_term_string}\"},\"query-input\":{\"@type\":\"PropertyValueSpecification\",\"valueRequired\":true,\"valueName\":\"search_term_string\"}}],\"inLanguage\":\"fr-FR\"},{\"@type\":\"Organization\",\"@id\":\"https:\/\/21lectures.com\/fr\/#organization\",\"name\":\"21 Lectures\",\"url\":\"https:\/\/21lectures.com\/fr\/\",\"logo\":{\"@type\":\"ImageObject\",\"inLanguage\":\"fr-FR\",\"@id\":\"https:\/\/21lectures.com\/fr\/#\/schema\/logo\/image\/\",\"url\":\"https:\/\/21lectures.com\/wp-content\/uploads\/2023\/04\/21-Lectures-Logo-yellow_black.svg\",\"contentUrl\":\"https:\/\/21lectures.com\/wp-content\/uploads\/2023\/04\/21-Lectures-Logo-yellow_black.svg\",\"width\":2000,\"height\":558,\"caption\":\"21 Lectures\"},\"image\":{\"@id\":\"https:\/\/21lectures.com\/fr\/#\/schema\/logo\/image\/\"},\"sameAs\":[\"https:\/\/x.com\/21lectures\",\"https:\/\/ch.linkedin.com\/company\/21-lectures\"]}]}<\/script>\n<!-- \/ Yoast SEO plugin. -->","yoast_head_json":{"title":"M\u00e9dias et presse - 21 Lectures \u00c9ducation au bitcoin","description":"Rattrape les derni\u00e8res couvertures m\u00e9diatiques et les communiqu\u00e9s de presse de 21 Lectures, ta source de confiance pour les informations sur l'\u00e9ducation au bitcoin.","robots":{"index":"index","follow":"follow","max-snippet":"max-snippet:-1","max-image-preview":"max-image-preview:large","max-video-preview":"max-video-preview:-1"},"canonical":"https:\/\/21lectures.com\/fr\/medias-et-presse\/","og_locale":"fr_FR","og_type":"article","og_title":"M\u00e9dias et presse - 21 Lectures \u00c9ducation au bitcoin","og_description":"Rattrape les derni\u00e8res couvertures m\u00e9diatiques et les communiqu\u00e9s de presse de 21 Lectures, ta source de confiance pour les informations sur l'\u00e9ducation au bitcoin.","og_url":"https:\/\/21lectures.com\/fr\/medias-et-presse\/","og_site_name":"21 Lectures","twitter_card":"summary_large_image","twitter_site":"@21lectures","schema":{"@context":"https:\/\/schema.org","@graph":[{"@type":"WebPage","@id":"https:\/\/21lectures.com\/fr\/medias-et-presse\/","url":"https:\/\/21lectures.com\/fr\/medias-et-presse\/","name":"M\u00e9dias et presse - 21 Lectures \u00c9ducation au bitcoin","isPartOf":{"@id":"https:\/\/21lectures.com\/fr\/#website"},"datePublished":"2023-04-13T09:55:58+00:00","description":"Rattrape les derni\u00e8res couvertures m\u00e9diatiques et les communiqu\u00e9s de presse de 21 Lectures, ta source de confiance pour les informations sur l'\u00e9ducation au bitcoin.","breadcrumb":{"@id":"https:\/\/21lectures.com\/fr\/medias-et-presse\/#breadcrumb"},"inLanguage":"fr-FR","potentialAction":[{"@type":"ReadAction","target":["https:\/\/21lectures.com\/fr\/medias-et-presse\/"]}]},{"@type":"BreadcrumbList","@id":"https:\/\/21lectures.com\/fr\/medias-et-presse\/#breadcrumb","itemListElement":[{"@type":"ListItem","position":1,"name":"Home","item":"https:\/\/21lectures.com\/fr\/"},{"@type":"ListItem","position":2,"name":"M\u00e9dias et presse"}]},{"@type":"WebSite","@id":"https:\/\/21lectures.com\/fr\/#website","url":"https:\/\/21lectures.com\/fr\/","name":"21 Lectures","description":"#1 in Bitcoin Education","publisher":{"@id":"https:\/\/21lectures.com\/fr\/#organization"},"potentialAction":[{"@type":"SearchAction","target":{"@type":"EntryPoint","urlTemplate":"https:\/\/21lectures.com\/fr\/?s={search_term_string}"},"query-input":{"@type":"PropertyValueSpecification","valueRequired":true,"valueName":"search_term_string"}}],"inLanguage":"fr-FR"},{"@type":"Organization","@id":"https:\/\/21lectures.com\/fr\/#organization","name":"21 Lectures","url":"https:\/\/21lectures.com\/fr\/","logo":{"@type":"ImageObject","inLanguage":"fr-FR","@id":"https:\/\/21lectures.com\/fr\/#\/schema\/logo\/image\/","url":"https:\/\/21lectures.com\/wp-content\/uploads\/2023\/04\/21-Lectures-Logo-yellow_black.svg","contentUrl":"https:\/\/21lectures.com\/wp-content\/uploads\/2023\/04\/21-Lectures-Logo-yellow_black.svg","width":2000,"height":558,"caption":"21 Lectures"},"image":{"@id":"https:\/\/21lectures.com\/fr\/#\/schema\/logo\/image\/"},"sameAs":["https:\/\/x.com\/21lectures","https:\/\/ch.linkedin.com\/company\/21-lectures"]}]}},"_links":{"self":[{"href":"https:\/\/21lectures.com\/fr\/wp-json\/wp\/v2\/pages\/2648","targetHints":{"allow":["GET"]}}],"collection":[{"href":"https:\/\/21lectures.com\/fr\/wp-json\/wp\/v2\/pages"}],"about":[{"href":"https:\/\/21lectures.com\/fr\/wp-json\/wp\/v2\/types\/page"}],"author":[{"embeddable":true,"href":"https:\/\/21lectures.com\/fr\/wp-json\/wp\/v2\/users\/2"}],"replies":[{"embeddable":true,"href":"https:\/\/21lectures.com\/fr\/wp-json\/wp\/v2\/comments?post=2648"}],"version-history":[{"count":0,"href":"https:\/\/21lectures.com\/fr\/wp-json\/wp\/v2\/pages\/2648\/revisions"}],"wp:attachment":[{"href":"https:\/\/21lectures.com\/fr\/wp-json\/wp\/v2\/media?parent=2648"}],"curies":[{"name":"wp","href":"https:\/\/api.w.org\/{rel}","templated":true}]}}