{"id":2649,"date":"2024-05-25T07:50:09","date_gmt":"2024-05-25T07:50:09","guid":{"rendered":"https:\/\/21lectures.com\/apprends\/"},"modified":"2024-12-01T09:34:38","modified_gmt":"2024-12-01T09:34:38","slug":"apprendre","status":"publish","type":"page","link":"https:\/\/21lectures.com\/fr\/apprendre\/","title":{"rendered":"Apprendre"},"content":{"rendered":"\t\t<div data-elementor-type=\"wp-page\" data-elementor-id=\"2649\" class=\"elementor elementor-2649 elementor-2170\" data-elementor-post-type=\"page\">\n\t\t\t\t<div class=\"elementor-element elementor-element-b79cfc3 e-flex e-con-boxed e-con e-parent\" data-id=\"b79cfc3\" data-element_type=\"container\">\n\t\t\t\t\t<div class=\"e-con-inner\">\n\t\t\t\t<div class=\"elementor-element elementor-element-f3e5741 elementor-widget elementor-widget-heading\" data-id=\"f3e5741\" data-element_type=\"widget\" data-widget_type=\"heading.default\">\n\t\t\t\t<div class=\"elementor-widget-container\">\n\t\t\t\t\t<h1 class=\"elementor-heading-title elementor-size-default\">Apprendre le bitcoin<\/h1>\t\t\t\t<\/div>\n\t\t\t\t<\/div>\n\t\t\t\t<div class=\"elementor-element elementor-element-32e09ae elementor-widget elementor-widget-text-editor\" data-id=\"32e09ae\" data-element_type=\"widget\" data-widget_type=\"text-editor.default\">\n\t\t\t\t<div class=\"elementor-widget-container\">\n\t\t\t\t\t\t\t\t\t<p>Bienvenue dans notre guide complet sur le bitcoin ! Que tu sois un parfait d\u00e9butant ou que tu cherches \u00e0 approfondir tes connaissances, cette page est con\u00e7ue pour t&rsquo;aider \u00e0 saisir les concepts fondamentaux du bitcoin. Nous d\u00e9couvrirons ensemble ce qu&rsquo;est le Bitcoin, son fonctionnement, la technologie qui le sous-tend et pourquoi il est en train de r\u00e9volutionner le secteur financier. Rejoins-nous pour d\u00e9mystifier le Bitcoin et acqu\u00e9rir les comp\u00e9tences n\u00e9cessaires pour naviguer en toute confiance dans l&rsquo;univers des crypto-monnaies. Lance ton voyage vers une ma\u00eetrise \u00e9clair\u00e9e des bitcoins et deviens un acteur averti dans ce monde innovant.<\/p>\t\t\t\t\t\t\t\t<\/div>\n\t\t\t\t<\/div>\n\t\t\t\t<div class=\"elementor-element elementor-element-be52a1f elementor-grid-3 elementor-grid-tablet-2 elementor-grid-mobile-1 elementor-widget elementor-widget-loop-grid\" data-id=\"be52a1f\" data-element_type=\"widget\" data-settings=\"{&quot;template_id&quot;:2186,&quot;_skin&quot;:&quot;post&quot;,&quot;columns&quot;:&quot;3&quot;,&quot;columns_tablet&quot;:&quot;2&quot;,&quot;columns_mobile&quot;:&quot;1&quot;,&quot;edit_handle_selector&quot;:&quot;[data-elementor-type=\\&quot;loop-item\\&quot;]&quot;,&quot;row_gap&quot;:{&quot;unit&quot;:&quot;px&quot;,&quot;size&quot;:&quot;&quot;,&quot;sizes&quot;:[]},&quot;row_gap_tablet&quot;:{&quot;unit&quot;:&quot;px&quot;,&quot;size&quot;:&quot;&quot;,&quot;sizes&quot;:[]},&quot;row_gap_mobile&quot;:{&quot;unit&quot;:&quot;px&quot;,&quot;size&quot;:&quot;&quot;,&quot;sizes&quot;:[]}}\" data-widget_type=\"loop-grid.post\">\n\t\t\t\t<div class=\"elementor-widget-container\">\n\t\t\t\t\t\t\t<div class=\"e-loop-nothing-found-message\">\n\t\t<\/div>\n\t\t\t\t\t\t<\/div>\n\t\t\t\t<\/div>\n\t\t\t\t\t<\/div>\n\t\t\t\t<\/div>\n\t\t\t\t<\/div>\n\t\t","protected":false},"excerpt":{"rendered":"<p>Apprendre le bitcoin Bienvenue dans notre guide complet sur le bitcoin ! Que tu sois un parfait d\u00e9butant ou que tu cherches \u00e0 approfondir tes connaissances, cette page est con\u00e7ue pour t&rsquo;aider \u00e0 saisir les concepts fondamentaux du bitcoin. Nous d\u00e9couvrirons ensemble ce qu&rsquo;est le Bitcoin, son fonctionnement, la technologie qui le sous-tend et pourquoi [&hellip;]<\/p>\n","protected":false},"author":2,"featured_media":0,"parent":0,"menu_order":0,"comment_status":"closed","ping_status":"closed","template":"elementor_header_footer","meta":{"_acf_changed":false,"content-type":"","footnotes":""},"class_list":["post-2649","page","type-page","status-publish","hentry"],"acf":[],"yoast_head":"<!-- This site is optimized with the Yoast SEO plugin v25.3.1 - https:\/\/yoast.com\/wordpress\/plugins\/seo\/ -->\n<title>Apprendre - 21 Lectures<\/title>\n<meta name=\"robots\" content=\"index, follow, max-snippet:-1, max-image-preview:large, max-video-preview:-1\" \/>\n<link rel=\"canonical\" href=\"https:\/\/21lectures.com\/fr\/apprendre\/\" \/>\n<meta property=\"og:locale\" content=\"fr_FR\" \/>\n<meta property=\"og:type\" content=\"article\" \/>\n<meta property=\"og:title\" content=\"Apprendre - 21 Lectures\" \/>\n<meta property=\"og:description\" content=\"Apprendre le bitcoin Bienvenue dans notre guide complet sur le bitcoin ! Que tu sois un parfait d\u00e9butant ou que tu cherches \u00e0 approfondir tes connaissances, cette page est con\u00e7ue pour t&rsquo;aider \u00e0 saisir les concepts fondamentaux du bitcoin. Nous d\u00e9couvrirons ensemble ce qu&rsquo;est le Bitcoin, son fonctionnement, la technologie qui le sous-tend et pourquoi [&hellip;]\" \/>\n<meta property=\"og:url\" content=\"https:\/\/21lectures.com\/fr\/apprendre\/\" \/>\n<meta property=\"og:site_name\" content=\"21 Lectures\" \/>\n<meta property=\"article:modified_time\" content=\"2024-12-01T09:34:38+00:00\" \/>\n<meta name=\"twitter:card\" content=\"summary_large_image\" \/>\n<meta name=\"twitter:site\" content=\"@21lectures\" \/>\n<meta name=\"twitter:label1\" content=\"Dur\u00e9e de lecture estim\u00e9e\" \/>\n\t<meta name=\"twitter:data1\" content=\"1 minute\" \/>\n<script type=\"application\/ld+json\" class=\"yoast-schema-graph\">{\"@context\":\"https:\/\/schema.org\",\"@graph\":[{\"@type\":\"WebPage\",\"@id\":\"https:\/\/21lectures.com\/fr\/apprendre\/\",\"url\":\"https:\/\/21lectures.com\/fr\/apprendre\/\",\"name\":\"Apprendre - 21 Lectures\",\"isPartOf\":{\"@id\":\"https:\/\/21lectures.com\/fr\/#website\"},\"datePublished\":\"2024-05-25T07:50:09+00:00\",\"dateModified\":\"2024-12-01T09:34:38+00:00\",\"breadcrumb\":{\"@id\":\"https:\/\/21lectures.com\/fr\/apprendre\/#breadcrumb\"},\"inLanguage\":\"fr-FR\",\"potentialAction\":[{\"@type\":\"ReadAction\",\"target\":[\"https:\/\/21lectures.com\/fr\/apprendre\/\"]}]},{\"@type\":\"BreadcrumbList\",\"@id\":\"https:\/\/21lectures.com\/fr\/apprendre\/#breadcrumb\",\"itemListElement\":[{\"@type\":\"ListItem\",\"position\":1,\"name\":\"Home\",\"item\":\"https:\/\/21lectures.com\/fr\/\"},{\"@type\":\"ListItem\",\"position\":2,\"name\":\"Apprendre\"}]},{\"@type\":\"WebSite\",\"@id\":\"https:\/\/21lectures.com\/fr\/#website\",\"url\":\"https:\/\/21lectures.com\/fr\/\",\"name\":\"21 Lectures\",\"description\":\"#1 in Bitcoin Education\",\"publisher\":{\"@id\":\"https:\/\/21lectures.com\/fr\/#organization\"},\"potentialAction\":[{\"@type\":\"SearchAction\",\"target\":{\"@type\":\"EntryPoint\",\"urlTemplate\":\"https:\/\/21lectures.com\/fr\/?s={search_term_string}\"},\"query-input\":{\"@type\":\"PropertyValueSpecification\",\"valueRequired\":true,\"valueName\":\"search_term_string\"}}],\"inLanguage\":\"fr-FR\"},{\"@type\":\"Organization\",\"@id\":\"https:\/\/21lectures.com\/fr\/#organization\",\"name\":\"21 Lectures\",\"url\":\"https:\/\/21lectures.com\/fr\/\",\"logo\":{\"@type\":\"ImageObject\",\"inLanguage\":\"fr-FR\",\"@id\":\"https:\/\/21lectures.com\/fr\/#\/schema\/logo\/image\/\",\"url\":\"https:\/\/21lectures.com\/wp-content\/uploads\/2023\/04\/21-Lectures-Logo-yellow_black.svg\",\"contentUrl\":\"https:\/\/21lectures.com\/wp-content\/uploads\/2023\/04\/21-Lectures-Logo-yellow_black.svg\",\"width\":2000,\"height\":558,\"caption\":\"21 Lectures\"},\"image\":{\"@id\":\"https:\/\/21lectures.com\/fr\/#\/schema\/logo\/image\/\"},\"sameAs\":[\"https:\/\/x.com\/21lectures\",\"https:\/\/ch.linkedin.com\/company\/21-lectures\"]}]}<\/script>\n<!-- \/ Yoast SEO plugin. -->","yoast_head_json":{"title":"Apprendre - 21 Lectures","robots":{"index":"index","follow":"follow","max-snippet":"max-snippet:-1","max-image-preview":"max-image-preview:large","max-video-preview":"max-video-preview:-1"},"canonical":"https:\/\/21lectures.com\/fr\/apprendre\/","og_locale":"fr_FR","og_type":"article","og_title":"Apprendre - 21 Lectures","og_description":"Apprendre le bitcoin Bienvenue dans notre guide complet sur le bitcoin ! Que tu sois un parfait d\u00e9butant ou que tu cherches \u00e0 approfondir tes connaissances, cette page est con\u00e7ue pour t&rsquo;aider \u00e0 saisir les concepts fondamentaux du bitcoin. Nous d\u00e9couvrirons ensemble ce qu&rsquo;est le Bitcoin, son fonctionnement, la technologie qui le sous-tend et pourquoi [&hellip;]","og_url":"https:\/\/21lectures.com\/fr\/apprendre\/","og_site_name":"21 Lectures","article_modified_time":"2024-12-01T09:34:38+00:00","twitter_card":"summary_large_image","twitter_site":"@21lectures","twitter_misc":{"Dur\u00e9e de lecture estim\u00e9e":"1 minute"},"schema":{"@context":"https:\/\/schema.org","@graph":[{"@type":"WebPage","@id":"https:\/\/21lectures.com\/fr\/apprendre\/","url":"https:\/\/21lectures.com\/fr\/apprendre\/","name":"Apprendre - 21 Lectures","isPartOf":{"@id":"https:\/\/21lectures.com\/fr\/#website"},"datePublished":"2024-05-25T07:50:09+00:00","dateModified":"2024-12-01T09:34:38+00:00","breadcrumb":{"@id":"https:\/\/21lectures.com\/fr\/apprendre\/#breadcrumb"},"inLanguage":"fr-FR","potentialAction":[{"@type":"ReadAction","target":["https:\/\/21lectures.com\/fr\/apprendre\/"]}]},{"@type":"BreadcrumbList","@id":"https:\/\/21lectures.com\/fr\/apprendre\/#breadcrumb","itemListElement":[{"@type":"ListItem","position":1,"name":"Home","item":"https:\/\/21lectures.com\/fr\/"},{"@type":"ListItem","position":2,"name":"Apprendre"}]},{"@type":"WebSite","@id":"https:\/\/21lectures.com\/fr\/#website","url":"https:\/\/21lectures.com\/fr\/","name":"21 Lectures","description":"#1 in Bitcoin Education","publisher":{"@id":"https:\/\/21lectures.com\/fr\/#organization"},"potentialAction":[{"@type":"SearchAction","target":{"@type":"EntryPoint","urlTemplate":"https:\/\/21lectures.com\/fr\/?s={search_term_string}"},"query-input":{"@type":"PropertyValueSpecification","valueRequired":true,"valueName":"search_term_string"}}],"inLanguage":"fr-FR"},{"@type":"Organization","@id":"https:\/\/21lectures.com\/fr\/#organization","name":"21 Lectures","url":"https:\/\/21lectures.com\/fr\/","logo":{"@type":"ImageObject","inLanguage":"fr-FR","@id":"https:\/\/21lectures.com\/fr\/#\/schema\/logo\/image\/","url":"https:\/\/21lectures.com\/wp-content\/uploads\/2023\/04\/21-Lectures-Logo-yellow_black.svg","contentUrl":"https:\/\/21lectures.com\/wp-content\/uploads\/2023\/04\/21-Lectures-Logo-yellow_black.svg","width":2000,"height":558,"caption":"21 Lectures"},"image":{"@id":"https:\/\/21lectures.com\/fr\/#\/schema\/logo\/image\/"},"sameAs":["https:\/\/x.com\/21lectures","https:\/\/ch.linkedin.com\/company\/21-lectures"]}]}},"_links":{"self":[{"href":"https:\/\/21lectures.com\/fr\/wp-json\/wp\/v2\/pages\/2649","targetHints":{"allow":["GET"]}}],"collection":[{"href":"https:\/\/21lectures.com\/fr\/wp-json\/wp\/v2\/pages"}],"about":[{"href":"https:\/\/21lectures.com\/fr\/wp-json\/wp\/v2\/types\/page"}],"author":[{"embeddable":true,"href":"https:\/\/21lectures.com\/fr\/wp-json\/wp\/v2\/users\/2"}],"replies":[{"embeddable":true,"href":"https:\/\/21lectures.com\/fr\/wp-json\/wp\/v2\/comments?post=2649"}],"version-history":[{"count":5,"href":"https:\/\/21lectures.com\/fr\/wp-json\/wp\/v2\/pages\/2649\/revisions"}],"predecessor-version":[{"id":2715,"href":"https:\/\/21lectures.com\/fr\/wp-json\/wp\/v2\/pages\/2649\/revisions\/2715"}],"wp:attachment":[{"href":"https:\/\/21lectures.com\/fr\/wp-json\/wp\/v2\/media?parent=2649"}],"curies":[{"name":"wp","href":"https:\/\/api.w.org\/{rel}","templated":true}]}}