{"id":2651,"date":"2023-07-21T11:35:15","date_gmt":"2023-07-21T11:35:15","guid":{"rendered":"https:\/\/21lectures.com\/partenaire\/"},"modified":"2024-11-09T20:11:18","modified_gmt":"2024-11-09T20:11:18","slug":"partenaire","status":"publish","type":"page","link":"https:\/\/21lectures.com\/fr\/partenaire\/","title":{"rendered":"Partenaire"},"content":{"rendered":"\t\t<div data-elementor-type=\"wp-page\" data-elementor-id=\"2651\" class=\"elementor elementor-2651 elementor-954\" data-elementor-post-type=\"page\">\n\t\t\t\t<div class=\"elementor-element elementor-element-19cc108 e-flex e-con-boxed e-con e-parent\" data-id=\"19cc108\" data-element_type=\"container\">\n\t\t\t\t\t<div class=\"e-con-inner\">\n\t\t\t\t<div class=\"elementor-element elementor-element-8322b04 elementor-widget elementor-widget-heading\" data-id=\"8322b04\" data-element_type=\"widget\" data-widget_type=\"heading.default\">\n\t\t\t\t<div class=\"elementor-widget-container\">\n\t\t\t\t\t<h1 class=\"elementor-heading-title elementor-size-default\">Partenaire<\/h1>\t\t\t\t<\/div>\n\t\t\t\t<\/div>\n\t\t\t\t<div class=\"elementor-element elementor-element-338003c elementor-widget elementor-widget-text-editor\" data-id=\"338003c\" data-element_type=\"widget\" data-widget_type=\"text-editor.default\">\n\t\t\t\t<div class=\"elementor-widget-container\">\n\t\t\t\t\t\t\t\t\t<p class=\"p1\">Profite de notre r\u00e9seau de partenaires. Il s&rsquo;agit de partenaires tri\u00e9s sur le volet qui font progresser les domaines du bitcoin et de l&rsquo;\u00e9ducation. <\/p>\n\t\t\t\t\t\t\t\t<\/div>\n\t\t\t\t<\/div>\n\t\t\t\t<div class=\"elementor-element elementor-element-3ee138e elementor-grid-4 elementor-posts--thumbnail-top elementor-grid-tablet-2 elementor-grid-mobile-1 elementor-widget elementor-widget-posts\" data-id=\"3ee138e\" data-element_type=\"widget\" data-settings=\"{&quot;custom_columns&quot;:&quot;4&quot;,&quot;custom_columns_tablet&quot;:&quot;2&quot;,&quot;custom_columns_mobile&quot;:&quot;1&quot;,&quot;custom_row_gap&quot;:{&quot;unit&quot;:&quot;px&quot;,&quot;size&quot;:35,&quot;sizes&quot;:[]},&quot;custom_row_gap_tablet&quot;:{&quot;unit&quot;:&quot;px&quot;,&quot;size&quot;:&quot;&quot;,&quot;sizes&quot;:[]},&quot;custom_row_gap_mobile&quot;:{&quot;unit&quot;:&quot;px&quot;,&quot;size&quot;:&quot;&quot;,&quot;sizes&quot;:[]}}\" data-widget_type=\"posts.custom\">\n\t\t\t\t<div class=\"elementor-widget-container\">\n\t\t\t\t\t      <div class=\"ecs-posts elementor-posts-container elementor-posts   elementor-grid elementor-posts--skin-custom\" data-settings=\"{&quot;current_page&quot;:1,&quot;max_num_pages&quot;:0,&quot;load_method&quot;:&quot;&quot;,&quot;widget_id&quot;:&quot;3ee138e&quot;,&quot;post_id&quot;:2651,&quot;theme_id&quot;:2651,&quot;change_url&quot;:false,&quot;reinit_js&quot;:false}\">\n      <div class=\"elementor-posts-nothing-found\"><\/div>\t\t<\/div>\n\t\t\t\t\t\t<\/div>\n\t\t\t\t<\/div>\n\t\t\t\t\t<\/div>\n\t\t\t\t<\/div>\n\t\t\t\t<\/div>\n\t\t","protected":false},"excerpt":{"rendered":"<p>Partenaire Profite de notre r\u00e9seau de partenaires. Il s&rsquo;agit de partenaires tri\u00e9s sur le volet qui font progresser les domaines du bitcoin et de l&rsquo;\u00e9ducation.<\/p>\n","protected":false},"author":2,"featured_media":0,"parent":0,"menu_order":0,"comment_status":"closed","ping_status":"closed","template":"elementor_header_footer","meta":{"_acf_changed":false,"content-type":"","footnotes":""},"class_list":["post-2651","page","type-page","status-publish","hentry"],"acf":[],"yoast_head":"<!-- This site is optimized with the Yoast SEO plugin v25.3.1 - https:\/\/yoast.com\/wordpress\/plugins\/seo\/ -->\n<title>Partenaire - 21 Lectures<\/title>\n<meta name=\"description\" content=\"Le r\u00e9seau de partenaires de &quot;21Lectures&quot; est un r\u00e9seau unique de partenaires s\u00e9lectionn\u00e9s et de coop\u00e9rations d\u00e9di\u00e9es au th\u00e8me du bitcoin.\" \/>\n<meta name=\"robots\" content=\"index, follow, max-snippet:-1, max-image-preview:large, max-video-preview:-1\" \/>\n<link rel=\"canonical\" href=\"https:\/\/21lectures.com\/fr\/partenaire\/\" \/>\n<meta property=\"og:locale\" content=\"fr_FR\" \/>\n<meta property=\"og:type\" content=\"article\" \/>\n<meta property=\"og:title\" content=\"Partenaire - 21 Lectures\" \/>\n<meta property=\"og:description\" content=\"Le r\u00e9seau de partenaires de &quot;21Lectures&quot; est un r\u00e9seau unique de partenaires s\u00e9lectionn\u00e9s et de coop\u00e9rations d\u00e9di\u00e9es au th\u00e8me du bitcoin.\" \/>\n<meta property=\"og:url\" content=\"https:\/\/21lectures.com\/fr\/partenaire\/\" \/>\n<meta property=\"og:site_name\" content=\"21 Lectures\" \/>\n<meta property=\"article:modified_time\" content=\"2024-11-09T20:11:18+00:00\" \/>\n<meta name=\"twitter:card\" content=\"summary_large_image\" \/>\n<meta name=\"twitter:site\" content=\"@21lectures\" \/>\n<script type=\"application\/ld+json\" class=\"yoast-schema-graph\">{\"@context\":\"https:\/\/schema.org\",\"@graph\":[{\"@type\":\"WebPage\",\"@id\":\"https:\/\/21lectures.com\/fr\/partenaire\/\",\"url\":\"https:\/\/21lectures.com\/fr\/partenaire\/\",\"name\":\"Partenaire - 21 Lectures\",\"isPartOf\":{\"@id\":\"https:\/\/21lectures.com\/fr\/#website\"},\"datePublished\":\"2023-07-21T11:35:15+00:00\",\"dateModified\":\"2024-11-09T20:11:18+00:00\",\"description\":\"Le r\u00e9seau de partenaires de \\\"21Lectures\\\" est un r\u00e9seau unique de partenaires s\u00e9lectionn\u00e9s et de coop\u00e9rations d\u00e9di\u00e9es au th\u00e8me du bitcoin.\",\"breadcrumb\":{\"@id\":\"https:\/\/21lectures.com\/fr\/partenaire\/#breadcrumb\"},\"inLanguage\":\"fr-FR\",\"potentialAction\":[{\"@type\":\"ReadAction\",\"target\":[\"https:\/\/21lectures.com\/fr\/partenaire\/\"]}]},{\"@type\":\"BreadcrumbList\",\"@id\":\"https:\/\/21lectures.com\/fr\/partenaire\/#breadcrumb\",\"itemListElement\":[{\"@type\":\"ListItem\",\"position\":1,\"name\":\"Home\",\"item\":\"https:\/\/21lectures.com\/fr\/\"},{\"@type\":\"ListItem\",\"position\":2,\"name\":\"Partenaire\"}]},{\"@type\":\"WebSite\",\"@id\":\"https:\/\/21lectures.com\/fr\/#website\",\"url\":\"https:\/\/21lectures.com\/fr\/\",\"name\":\"21 Lectures\",\"description\":\"#1 in Bitcoin Education\",\"publisher\":{\"@id\":\"https:\/\/21lectures.com\/fr\/#organization\"},\"potentialAction\":[{\"@type\":\"SearchAction\",\"target\":{\"@type\":\"EntryPoint\",\"urlTemplate\":\"https:\/\/21lectures.com\/fr\/?s={search_term_string}\"},\"query-input\":{\"@type\":\"PropertyValueSpecification\",\"valueRequired\":true,\"valueName\":\"search_term_string\"}}],\"inLanguage\":\"fr-FR\"},{\"@type\":\"Organization\",\"@id\":\"https:\/\/21lectures.com\/fr\/#organization\",\"name\":\"21 Lectures\",\"url\":\"https:\/\/21lectures.com\/fr\/\",\"logo\":{\"@type\":\"ImageObject\",\"inLanguage\":\"fr-FR\",\"@id\":\"https:\/\/21lectures.com\/fr\/#\/schema\/logo\/image\/\",\"url\":\"https:\/\/21lectures.com\/wp-content\/uploads\/2023\/04\/21-Lectures-Logo-yellow_black.svg\",\"contentUrl\":\"https:\/\/21lectures.com\/wp-content\/uploads\/2023\/04\/21-Lectures-Logo-yellow_black.svg\",\"width\":2000,\"height\":558,\"caption\":\"21 Lectures\"},\"image\":{\"@id\":\"https:\/\/21lectures.com\/fr\/#\/schema\/logo\/image\/\"},\"sameAs\":[\"https:\/\/x.com\/21lectures\",\"https:\/\/ch.linkedin.com\/company\/21-lectures\"]}]}<\/script>\n<!-- \/ Yoast SEO plugin. -->","yoast_head_json":{"title":"Partenaire - 21 Lectures","description":"Le r\u00e9seau de partenaires de \"21Lectures\" est un r\u00e9seau unique de partenaires s\u00e9lectionn\u00e9s et de coop\u00e9rations d\u00e9di\u00e9es au th\u00e8me du bitcoin.","robots":{"index":"index","follow":"follow","max-snippet":"max-snippet:-1","max-image-preview":"max-image-preview:large","max-video-preview":"max-video-preview:-1"},"canonical":"https:\/\/21lectures.com\/fr\/partenaire\/","og_locale":"fr_FR","og_type":"article","og_title":"Partenaire - 21 Lectures","og_description":"Le r\u00e9seau de partenaires de \"21Lectures\" est un r\u00e9seau unique de partenaires s\u00e9lectionn\u00e9s et de coop\u00e9rations d\u00e9di\u00e9es au th\u00e8me du bitcoin.","og_url":"https:\/\/21lectures.com\/fr\/partenaire\/","og_site_name":"21 Lectures","article_modified_time":"2024-11-09T20:11:18+00:00","twitter_card":"summary_large_image","twitter_site":"@21lectures","schema":{"@context":"https:\/\/schema.org","@graph":[{"@type":"WebPage","@id":"https:\/\/21lectures.com\/fr\/partenaire\/","url":"https:\/\/21lectures.com\/fr\/partenaire\/","name":"Partenaire - 21 Lectures","isPartOf":{"@id":"https:\/\/21lectures.com\/fr\/#website"},"datePublished":"2023-07-21T11:35:15+00:00","dateModified":"2024-11-09T20:11:18+00:00","description":"Le r\u00e9seau de partenaires de \"21Lectures\" est un r\u00e9seau unique de partenaires s\u00e9lectionn\u00e9s et de coop\u00e9rations d\u00e9di\u00e9es au th\u00e8me du bitcoin.","breadcrumb":{"@id":"https:\/\/21lectures.com\/fr\/partenaire\/#breadcrumb"},"inLanguage":"fr-FR","potentialAction":[{"@type":"ReadAction","target":["https:\/\/21lectures.com\/fr\/partenaire\/"]}]},{"@type":"BreadcrumbList","@id":"https:\/\/21lectures.com\/fr\/partenaire\/#breadcrumb","itemListElement":[{"@type":"ListItem","position":1,"name":"Home","item":"https:\/\/21lectures.com\/fr\/"},{"@type":"ListItem","position":2,"name":"Partenaire"}]},{"@type":"WebSite","@id":"https:\/\/21lectures.com\/fr\/#website","url":"https:\/\/21lectures.com\/fr\/","name":"21 Lectures","description":"#1 in Bitcoin Education","publisher":{"@id":"https:\/\/21lectures.com\/fr\/#organization"},"potentialAction":[{"@type":"SearchAction","target":{"@type":"EntryPoint","urlTemplate":"https:\/\/21lectures.com\/fr\/?s={search_term_string}"},"query-input":{"@type":"PropertyValueSpecification","valueRequired":true,"valueName":"search_term_string"}}],"inLanguage":"fr-FR"},{"@type":"Organization","@id":"https:\/\/21lectures.com\/fr\/#organization","name":"21 Lectures","url":"https:\/\/21lectures.com\/fr\/","logo":{"@type":"ImageObject","inLanguage":"fr-FR","@id":"https:\/\/21lectures.com\/fr\/#\/schema\/logo\/image\/","url":"https:\/\/21lectures.com\/wp-content\/uploads\/2023\/04\/21-Lectures-Logo-yellow_black.svg","contentUrl":"https:\/\/21lectures.com\/wp-content\/uploads\/2023\/04\/21-Lectures-Logo-yellow_black.svg","width":2000,"height":558,"caption":"21 Lectures"},"image":{"@id":"https:\/\/21lectures.com\/fr\/#\/schema\/logo\/image\/"},"sameAs":["https:\/\/x.com\/21lectures","https:\/\/ch.linkedin.com\/company\/21-lectures"]}]}},"_links":{"self":[{"href":"https:\/\/21lectures.com\/fr\/wp-json\/wp\/v2\/pages\/2651","targetHints":{"allow":["GET"]}}],"collection":[{"href":"https:\/\/21lectures.com\/fr\/wp-json\/wp\/v2\/pages"}],"about":[{"href":"https:\/\/21lectures.com\/fr\/wp-json\/wp\/v2\/types\/page"}],"author":[{"embeddable":true,"href":"https:\/\/21lectures.com\/fr\/wp-json\/wp\/v2\/users\/2"}],"replies":[{"embeddable":true,"href":"https:\/\/21lectures.com\/fr\/wp-json\/wp\/v2\/comments?post=2651"}],"version-history":[{"count":1,"href":"https:\/\/21lectures.com\/fr\/wp-json\/wp\/v2\/pages\/2651\/revisions"}],"predecessor-version":[{"id":2652,"href":"https:\/\/21lectures.com\/fr\/wp-json\/wp\/v2\/pages\/2651\/revisions\/2652"}],"wp:attachment":[{"href":"https:\/\/21lectures.com\/fr\/wp-json\/wp\/v2\/media?parent=2651"}],"curies":[{"name":"wp","href":"https:\/\/api.w.org\/{rel}","templated":true}]}}